{"id":824,"date":"2025-04-12T20:24:50","date_gmt":"2025-04-12T17:24:50","guid":{"rendered":"https:\/\/trueman-demo.bslthemes.com\/?page_id=824"},"modified":"2025-04-17T17:45:00","modified_gmt":"2025-04-17T14:45:00","slug":"kitaplar","status":"publish","type":"page","link":"https:\/\/rafetcaglar.com.tr\/tr\/kitaplar\/","title":{"rendered":"Kitaplar"},"content":{"rendered":"\t\t<div data-elementor-type=\"wp-page\" data-elementor-id=\"824\" class=\"elementor elementor-824\">\n\t\t\t\t\t\t<section class=\"elementor-section elementor-top-section elementor-element elementor-element-52b3c17 elementor-section-full_width elementor-section-height-default elementor-section-height-default\" data-id=\"52b3c17\" data-element_type=\"section\" data-e-type=\"section\">\n\t\t\t\t\t\t<div class=\"elementor-container elementor-column-gap-no\">\n\t\t\t\t\t<div class=\"elementor-column elementor-col-100 elementor-top-column elementor-element elementor-element-bb186ce\" data-id=\"bb186ce\" data-element_type=\"column\" data-e-type=\"column\">\n\t\t\t<div class=\"elementor-widget-wrap elementor-element-populated\">\n\t\t\t\t\t\t<div class=\"elementor-element elementor-element-b5f60cb elementor-widget elementor-widget-trueman-portfolio\" data-id=\"b5f60cb\" data-element_type=\"widget\" data-e-type=\"widget\" data-widget_type=\"trueman-portfolio.default\">\n\t\t\t\t<div class=\"elementor-widget-container\">\n\t\t\t\t\t\n\t\t<!-- portfolio -->\n\t\t<div class=\"row\">\n\t\t\t\n\t\t\t\t\t\t<!-- filter -->\n\t\t\t<div class=\"col-lg-12\">\n\t\t\t\t<div class=\"trm-filter mb-30\">\n\t\t\t\t\t<!-- filter link -->\n\t\t\t\t\t<a href=\"#\" data-filter=\"*\" class=\"trm-link trm-current\">T\u00fcm\u00fc<\/a>\n\t\t\t\t\t\t\t\t\t\t<!-- filter link -->\n\t\t\t\t\t<a href=\"#\" data-filter=\".category-mergenin-gunlukleri\" class=\"trm-link\">Mergen&#039;in G\u00fcnl\u00fckleri<\/a>\n\t\t\t\t\t\t\t\t\t\t<!-- filter link -->\n\t\t\t\t\t<a href=\"#\" data-filter=\".category-kitap\" class=\"trm-link\">Kitap<\/a>\n\t\t\t\t\t\t\t\t\t<\/div>\n\t\t\t<\/div>\n\t\t\t<!-- filter end -->\n\t\t\t\t\t<\/div>\n\n\t\t\n\t\t<div class=\"row trm-grid-masonry\">\n\t\t\t\t\t\t\t\t\t<div class=\"col-12 trm-grid-item category-kitap col-lg-4\">\n\t\t\t\t\n\n<!-- portfolio item -->\n<a  href=\"https:\/\/rafetcaglar.com.tr\/tr\/portfolio\/adab-i-muaseret\/\"\" class=\"trm-portfolio-item trm-scroll-animation\" data-scroll data-scroll-offset=\"40\" data-cat=\"card\">\n    <div class=\"trm-cover-frame\">\n    <img decoding=\"async\" class=\"trm-cover\" src=\"https:\/\/rafetcaglar.com.tr\/tr\/wp-content\/uploads\/2025\/04\/kitaplar.jpg\" alt=\"Adab-\u0131 Mua\u015feret\" \/>\n  <\/div>\n    <div class=\"trm-item-description\">\n        <h6>Adab-\u0131 Mua\u015feret<\/h6>\n        <div class=\"trm-zoom-icon\">\n\t\t\t\t\t\t<i class=\"fas fa-chevron-right\"><\/i>\n\t\t\t    <\/div>\n  <\/div>\n<\/a>\n<!-- portfolio item end -->\n\t\t\t<\/div>\n\t\t\t\t\t\t<div class=\"col-12 trm-grid-item category-mergenin-gunlukleri col-lg-4\">\n\t\t\t\t\n\n<!-- portfolio item -->\n<a  href=\"https:\/\/rafetcaglar.com.tr\/tr\/portfolio\/mergenin-defteri\/\"\" class=\"trm-portfolio-item trm-scroll-animation\" data-scroll data-scroll-offset=\"40\" data-cat=\"card\">\n    <div class=\"trm-cover-frame\">\n    <img decoding=\"async\" class=\"trm-cover\" src=\"https:\/\/rafetcaglar.com.tr\/tr\/wp-content\/uploads\/2025\/04\/kitap.jpg\" alt=\"Mergen&#8217;in Defteri\" \/>\n  <\/div>\n    <div class=\"trm-item-description\">\n        <h6>Mergen&#8217;in Defteri<\/h6>\n        <div class=\"trm-zoom-icon\">\n\t\t\t\t\t\t<i class=\"fas fa-chevron-right\"><\/i>\n\t\t\t    <\/div>\n  <\/div>\n<\/a>\n<!-- portfolio item end -->\n\t\t\t<\/div>\n\t\t\t\t\t\t<div class=\"col-12 trm-grid-item category-mergenin-gunlukleri col-lg-4\">\n\t\t\t\t\n\n<!-- portfolio item -->\n<a  href=\"https:\/\/rafetcaglar.com.tr\/tr\/portfolio\/yildizlara-soran-cocuk\/\"\" class=\"trm-portfolio-item trm-scroll-animation\" data-scroll data-scroll-offset=\"40\" data-cat=\"card\">\n    <div class=\"trm-cover-frame\">\n    <img decoding=\"async\" class=\"trm-cover\" src=\"https:\/\/rafetcaglar.com.tr\/tr\/wp-content\/uploads\/2025\/04\/yildizlara-soran-cocuk-1.jpg\" alt=\"Y\u0131ld\u0131zlara Soran \u00c7ocuk\" \/>\n  <\/div>\n    <div class=\"trm-item-description\">\n        <h6>Y\u0131ld\u0131zlara Soran \u00c7ocuk<\/h6>\n        <div class=\"trm-zoom-icon\">\n\t\t\t\t\t\t<i class=\"fas fa-chevron-right\"><\/i>\n\t\t\t    <\/div>\n  <\/div>\n<\/a>\n<!-- portfolio item end -->\n\t\t\t<\/div>\n\t\t\t\t\t\t<div class=\"col-12 trm-grid-item category-mergenin-gunlukleri col-lg-4\">\n\t\t\t\t\n\n<!-- portfolio item -->\n<a  href=\"https:\/\/rafetcaglar.com.tr\/tr\/portfolio\/neden-kimse-sorulari-sevmiyor\/\"\" class=\"trm-portfolio-item trm-scroll-animation\" data-scroll data-scroll-offset=\"40\" data-cat=\"card\">\n    <div class=\"trm-cover-frame\">\n    <img decoding=\"async\" class=\"trm-cover\" src=\"https:\/\/rafetcaglar.com.tr\/tr\/wp-content\/uploads\/2025\/04\/neden-kimse-sorulari-sevmiyor-1.jpg\" alt=\"Neden Kimse Sorular\u0131 Sevmiyor?\" \/>\n  <\/div>\n    <div class=\"trm-item-description\">\n        <h6>Neden Kimse Sorular\u0131 Sevmiyor?<\/h6>\n        <div class=\"trm-zoom-icon\">\n\t\t\t\t\t\t<i class=\"fas fa-chevron-right\"><\/i>\n\t\t\t    <\/div>\n  <\/div>\n<\/a>\n<!-- portfolio item end -->\n\t\t\t<\/div>\n\t\t\t\t\t\t<div class=\"col-12 trm-grid-item category-mergenin-gunlukleri col-lg-4\">\n\t\t\t\t\n\n<!-- portfolio item -->\n<a  href=\"https:\/\/rafetcaglar.com.tr\/tr\/portfolio\/kayip-cevaplar-gezegeninde\/\"\" class=\"trm-portfolio-item trm-scroll-animation\" data-scroll data-scroll-offset=\"40\" data-cat=\"card\">\n    <div class=\"trm-cover-frame\">\n    <img decoding=\"async\" class=\"trm-cover\" src=\"https:\/\/rafetcaglar.com.tr\/tr\/wp-content\/uploads\/2025\/04\/kayip-cevaplar-gezegeninde.jpg\" alt=\"Kay\u0131p Cevaplar Gezegeninde\" \/>\n  <\/div>\n    <div class=\"trm-item-description\">\n        <h6>Kay\u0131p Cevaplar Gezegeninde<\/h6>\n        <div class=\"trm-zoom-icon\">\n\t\t\t\t\t\t<i class=\"fas fa-chevron-right\"><\/i>\n\t\t\t    <\/div>\n  <\/div>\n<\/a>\n<!-- portfolio item end -->\n\t\t\t<\/div>\n\t\t\t\t\t\t<div class=\"col-12 trm-grid-item category-mergenin-gunlukleri col-lg-4\">\n\t\t\t\t\n\n<!-- portfolio item -->\n<a  href=\"https:\/\/rafetcaglar.com.tr\/tr\/portfolio\/beni-kim-anlayacak\/\"\" class=\"trm-portfolio-item trm-scroll-animation\" data-scroll data-scroll-offset=\"40\" data-cat=\"card\">\n    <div class=\"trm-cover-frame\">\n    <img decoding=\"async\" class=\"trm-cover\" src=\"https:\/\/rafetcaglar.com.tr\/tr\/wp-content\/uploads\/2025\/04\/beni-kim-anlayacak.jpg\" alt=\"Beni Kim Anlayacak?\" \/>\n  <\/div>\n    <div class=\"trm-item-description\">\n        <h6>Beni Kim Anlayacak?<\/h6>\n        <div class=\"trm-zoom-icon\">\n\t\t\t\t\t\t<i class=\"fas fa-chevron-right\"><\/i>\n\t\t\t    <\/div>\n  <\/div>\n<\/a>\n<!-- portfolio item end -->\n\t\t\t<\/div>\n\t\t\t\t\t\t<div class=\"col-12 trm-grid-item category-mergenin-gunlukleri col-lg-4\">\n\t\t\t\t\n\n<!-- portfolio item -->\n<a  href=\"https:\/\/rafetcaglar.com.tr\/tr\/portfolio\/gozlerimle-degil-kalbimle-gordum\/\"\" class=\"trm-portfolio-item trm-scroll-animation\" data-scroll data-scroll-offset=\"40\" data-cat=\"card\">\n    <div class=\"trm-cover-frame\">\n    <img decoding=\"async\" class=\"trm-cover\" src=\"https:\/\/rafetcaglar.com.tr\/tr\/wp-content\/uploads\/2025\/04\/gozlerimle-degil-kalbimle-gordum.jpg\" alt=\"G\u00f6zlerimle De\u011fil Kalbimle G\u00f6rd\u00fcm\" \/>\n  <\/div>\n    <div class=\"trm-item-description\">\n        <h6>G\u00f6zlerimle De\u011fil Kalbimle G\u00f6rd\u00fcm<\/h6>\n        <div class=\"trm-zoom-icon\">\n\t\t\t\t\t\t<i class=\"fas fa-chevron-right\"><\/i>\n\t\t\t    <\/div>\n  <\/div>\n<\/a>\n<!-- portfolio item end -->\n\t\t\t<\/div>\n\t\t\t\t\t\t<div class=\"col-12 trm-grid-item category-mergenin-gunlukleri col-lg-4\">\n\t\t\t\t\n\n<!-- portfolio item -->\n<a  href=\"https:\/\/rafetcaglar.com.tr\/tr\/portfolio\/sessiz-dusunceler-ormani\/\"\" class=\"trm-portfolio-item trm-scroll-animation\" data-scroll data-scroll-offset=\"40\" data-cat=\"card\">\n    <div class=\"trm-cover-frame\">\n    <img decoding=\"async\" class=\"trm-cover\" src=\"https:\/\/rafetcaglar.com.tr\/tr\/wp-content\/uploads\/2025\/04\/sessiz-dusunceler-ormani.jpg\" alt=\"Sessiz D\u00fc\u015f\u00fcnceler Orman\u0131\" \/>\n  <\/div>\n    <div class=\"trm-item-description\">\n        <h6>Sessiz D\u00fc\u015f\u00fcnceler Orman\u0131<\/h6>\n        <div class=\"trm-zoom-icon\">\n\t\t\t\t\t\t<i class=\"fas fa-chevron-right\"><\/i>\n\t\t\t    <\/div>\n  <\/div>\n<\/a>\n<!-- portfolio item end -->\n\t\t\t<\/div>\n\t\t\t\t\t\t<div class=\"col-12 trm-grid-item category-mergenin-gunlukleri col-lg-4\">\n\t\t\t\t\n\n<!-- portfolio item -->\n<a  href=\"https:\/\/rafetcaglar.com.tr\/tr\/portfolio\/cevap-vermeyen-yildizlar\/\"\" class=\"trm-portfolio-item trm-scroll-animation\" data-scroll data-scroll-offset=\"40\" data-cat=\"card\">\n    <div class=\"trm-cover-frame\">\n    <img decoding=\"async\" class=\"trm-cover\" src=\"https:\/\/rafetcaglar.com.tr\/tr\/wp-content\/uploads\/2025\/04\/cevap-vermeyen-yildizlar.jpg\" alt=\"Cevap Vermeyen Y\u0131ld\u0131zlar\" \/>\n  <\/div>\n    <div class=\"trm-item-description\">\n        <h6>Cevap Vermeyen Y\u0131ld\u0131zlar<\/h6>\n        <div class=\"trm-zoom-icon\">\n\t\t\t\t\t\t<i class=\"fas fa-chevron-right\"><\/i>\n\t\t\t    <\/div>\n  <\/div>\n<\/a>\n<!-- portfolio item end -->\n\t\t\t<\/div>\n\t\t\t\t\t\t<div class=\"col-12 trm-grid-item category-mergenin-gunlukleri col-lg-4\">\n\t\t\t\t\n\n<!-- portfolio item -->\n<a  href=\"https:\/\/rafetcaglar.com.tr\/tr\/portfolio\/bilgiyle-aydinlanan-yol\/\"\" class=\"trm-portfolio-item trm-scroll-animation\" data-scroll data-scroll-offset=\"40\" data-cat=\"card\">\n    <div class=\"trm-cover-frame\">\n    <img decoding=\"async\" class=\"trm-cover\" src=\"https:\/\/rafetcaglar.com.tr\/tr\/wp-content\/uploads\/2025\/04\/bilgiyle-aydinlanan-yol.jpg\" alt=\"Bilgiyle Ayd\u0131nlanan Yol\" \/>\n  <\/div>\n    <div class=\"trm-item-description\">\n        <h6>Bilgiyle Ayd\u0131nlanan Yol<\/h6>\n        <div class=\"trm-zoom-icon\">\n\t\t\t\t\t\t<i class=\"fas fa-chevron-right\"><\/i>\n\t\t\t    <\/div>\n  <\/div>\n<\/a>\n<!-- portfolio item end -->\n\t\t\t<\/div>\n\t\t\t\t\t\t<div class=\"col-12 trm-grid-item category-kitap col-lg-4\">\n\t\t\t\t\n\n<!-- portfolio item -->\n<a  href=\"https:\/\/rafetcaglar.com.tr\/tr\/portfolio\/yeni-dunya\/\"\" class=\"trm-portfolio-item trm-scroll-animation\" data-scroll data-scroll-offset=\"40\" data-cat=\"card\">\n    <div class=\"trm-cover-frame\">\n    <img decoding=\"async\" class=\"trm-cover\" src=\"https:\/\/rafetcaglar.com.tr\/tr\/wp-content\/uploads\/2025\/01\/yeni-dunya2.jpg\" alt=\"Yeni D\u00fcnya (Distopik)\" \/>\n  <\/div>\n    <div class=\"trm-item-description\">\n        <h6>Yeni D\u00fcnya (Distopik)<\/h6>\n        <div class=\"trm-zoom-icon\">\n\t\t\t\t\t\t<i class=\"fas fa-chevron-right\"><\/i>\n\t\t\t    <\/div>\n  <\/div>\n<\/a>\n<!-- portfolio item end -->\n\t\t\t<\/div>\n\t\t\t\t\t\t\n\t\t\t\t\t\t\t\t\t\t\t\t\t\t<\/div>\n\t\t<!-- portfolio end -->\n\n\t\t\t\t\t\t<\/div>\n\t\t\t\t<\/div>\n\t\t\t\t\t<\/div>\n\t\t<\/div>\n\t\t\t\t\t<\/div>\n\t\t<\/section>\n\t\t\t\t<\/div>\n\t\t","protected":false},"excerpt":{"rendered":"<p>T\u00fcm\u00fc Mergen&#039;in G\u00fcnl\u00fckleri Kitap<\/p>\n","protected":false},"author":1,"featured_media":0,"parent":0,"menu_order":0,"comment_status":"closed","ping_status":"closed","template":"template-layout-builder.php","meta":{"_acf_changed":false,"footnotes":""},"class_list":["post-824","page","type-page","status-publish","hentry"],"acf":[],"_links":{"self":[{"href":"https:\/\/rafetcaglar.com.tr\/tr\/wp-json\/wp\/v2\/pages\/824","targetHints":{"allow":["GET"]}}],"collection":[{"href":"https:\/\/rafetcaglar.com.tr\/tr\/wp-json\/wp\/v2\/pages"}],"about":[{"href":"https:\/\/rafetcaglar.com.tr\/tr\/wp-json\/wp\/v2\/types\/page"}],"author":[{"embeddable":true,"href":"https:\/\/rafetcaglar.com.tr\/tr\/wp-json\/wp\/v2\/users\/1"}],"replies":[{"embeddable":true,"href":"https:\/\/rafetcaglar.com.tr\/tr\/wp-json\/wp\/v2\/comments?post=824"}],"version-history":[{"count":27,"href":"https:\/\/rafetcaglar.com.tr\/tr\/wp-json\/wp\/v2\/pages\/824\/revisions"}],"predecessor-version":[{"id":1535,"href":"https:\/\/rafetcaglar.com.tr\/tr\/wp-json\/wp\/v2\/pages\/824\/revisions\/1535"}],"wp:attachment":[{"href":"https:\/\/rafetcaglar.com.tr\/tr\/wp-json\/wp\/v2\/media?parent=824"}],"curies":[{"name":"wp","href":"https:\/\/api.w.org\/{rel}","templated":true}]}}