{"id":605,"date":"2024-04-12T17:15:53","date_gmt":"2024-04-12T14:15:53","guid":{"rendered":"https:\/\/trueman-demo.bslthemes.com\/?page_id=605"},"modified":"2025-07-17T05:13:29","modified_gmt":"2025-07-17T02:13:29","slug":"blog","status":"publish","type":"page","link":"https:\/\/rafetcaglar.com.tr\/tr\/blog\/","title":{"rendered":"Blog"},"content":{"rendered":"\t\t<div data-elementor-type=\"wp-page\" data-elementor-id=\"605\" class=\"elementor elementor-605\">\n\t\t\t\t\t\t<section class=\"elementor-section elementor-top-section elementor-element elementor-element-cb76277 elementor-section-full_width elementor-section-height-default elementor-section-height-default\" data-id=\"cb76277\" data-element_type=\"section\" data-e-type=\"section\">\n\t\t\t\t\t\t<div class=\"elementor-container elementor-column-gap-no\">\n\t\t\t\t\t<div class=\"elementor-column elementor-col-100 elementor-top-column elementor-element elementor-element-e2dd36e\" data-id=\"e2dd36e\" data-element_type=\"column\" data-e-type=\"column\">\n\t\t\t<div class=\"elementor-widget-wrap elementor-element-populated\">\n\t\t\t\t\t\t<div class=\"elementor-element elementor-element-7d9a8a9 elementor-widget elementor-widget-trueman-blog-categories\" data-id=\"7d9a8a9\" data-element_type=\"widget\" data-e-type=\"widget\" data-widget_type=\"trueman-blog-categories.default\">\n\t\t\t\t<div class=\"elementor-widget-container\">\n\t\t\t\t\t\n\t\t\t\t<!-- categories -->\n        <div class=\"row\">\n\t\t  \n\t\t            <div class=\"col-12 col-lg-4\">\n            <!-- categories card -->\n            <div class=\"trm-blog-categories trm-scroll-animation\" data-scroll data-scroll-offset=\"40\">\n              <h6>\u00c7ocuklar <span class=\"trm-number\">2<\/span><\/h6>\n              <div class=\"trm-divider trm-mb-20 trm-mt-20\"><\/div>\n              <a href=\"https:\/\/rafetcaglar.com.tr\/tr\/category\/cocuklar\/\" class=\"trm-label\">Read publications <i class=\"fas fa-arrow-right\"><\/i><\/a>\n            <\/div>\n            <!-- categories card end -->\n          <\/div>\n      \t            <div class=\"col-12 col-lg-4\">\n            <!-- categories card -->\n            <div class=\"trm-blog-categories trm-scroll-animation\" data-scroll data-scroll-offset=\"40\">\n              <h6>Fikirler <span class=\"trm-number\">3<\/span><\/h6>\n              <div class=\"trm-divider trm-mb-20 trm-mt-20\"><\/div>\n              <a href=\"https:\/\/rafetcaglar.com.tr\/tr\/category\/fikirler\/\" class=\"trm-label\">Read publications <i class=\"fas fa-arrow-right\"><\/i><\/a>\n            <\/div>\n            <!-- categories card end -->\n          <\/div>\n      \t            <div class=\"col-12 col-lg-4\">\n            <!-- categories card -->\n            <div class=\"trm-blog-categories trm-scroll-animation\" data-scroll data-scroll-offset=\"40\">\n              <h6>\u0130nsan <span class=\"trm-number\">21<\/span><\/h6>\n              <div class=\"trm-divider trm-mb-20 trm-mt-20\"><\/div>\n              <a href=\"https:\/\/rafetcaglar.com.tr\/tr\/category\/insan\/\" class=\"trm-label\">Read publications <i class=\"fas fa-arrow-right\"><\/i><\/a>\n            <\/div>\n            <!-- categories card end -->\n          <\/div>\n      \t            <div class=\"col-12 col-lg-4\">\n            <!-- categories card -->\n            <div class=\"trm-blog-categories trm-scroll-animation\" data-scroll data-scroll-offset=\"40\">\n              <h6>Mergen <span class=\"trm-number\">1<\/span><\/h6>\n              <div class=\"trm-divider trm-mb-20 trm-mt-20\"><\/div>\n              <a href=\"https:\/\/rafetcaglar.com.tr\/tr\/category\/mergen\/\" class=\"trm-label\">Read publications <i class=\"fas fa-arrow-right\"><\/i><\/a>\n            <\/div>\n            <!-- categories card end -->\n          <\/div>\n      \t            <div class=\"col-12 col-lg-4\">\n            <!-- categories card -->\n            <div class=\"trm-blog-categories trm-scroll-animation\" data-scroll data-scroll-offset=\"40\">\n              <h6>S\u00f6zler <span class=\"trm-number\">68<\/span><\/h6>\n              <div class=\"trm-divider trm-mb-20 trm-mt-20\"><\/div>\n              <a href=\"https:\/\/rafetcaglar.com.tr\/tr\/category\/sozler\/\" class=\"trm-label\">Read publications <i class=\"fas fa-arrow-right\"><\/i><\/a>\n            <\/div>\n            <!-- categories card end -->\n          <\/div>\n      \t            <div class=\"col-12 col-lg-4\">\n            <!-- categories card -->\n            <div class=\"trm-blog-categories trm-scroll-animation\" data-scroll data-scroll-offset=\"40\">\n              <h6>Toplum <span class=\"trm-number\">22<\/span><\/h6>\n              <div class=\"trm-divider trm-mb-20 trm-mt-20\"><\/div>\n              <a href=\"https:\/\/rafetcaglar.com.tr\/tr\/category\/toplum\/\" class=\"trm-label\">Read publications <i class=\"fas fa-arrow-right\"><\/i><\/a>\n            <\/div>\n            <!-- categories card end -->\n          <\/div>\n      \t          <\/div>\n        <!-- categories end -->\n    \t\n\t\t\t\t\t\t<\/div>\n\t\t\t\t<\/div>\n\t\t\t\t\t<\/div>\n\t\t<\/div>\n\t\t\t\t\t<\/div>\n\t\t<\/section>\n\t\t\t\t<section class=\"elementor-section elementor-top-section elementor-element elementor-element-66cb952 elementor-section-full_width elementor-section-height-default elementor-section-height-default\" data-id=\"66cb952\" data-element_type=\"section\" data-e-type=\"section\">\n\t\t\t\t\t\t<div class=\"elementor-container elementor-column-gap-no\">\n\t\t\t\t\t<div class=\"elementor-column elementor-col-100 elementor-top-column elementor-element elementor-element-edca18a\" data-id=\"edca18a\" data-element_type=\"column\" data-e-type=\"column\">\n\t\t\t<div class=\"elementor-widget-wrap elementor-element-populated\">\n\t\t\t\t\t\t<div class=\"elementor-element elementor-element-681945f elementor-widget elementor-widget-trueman-blog-grid\" data-id=\"681945f\" data-element_type=\"widget\" data-e-type=\"widget\" data-widget_type=\"trueman-blog-grid.default\">\n\t\t\t\t<div class=\"elementor-widget-container\">\n\t\t\t\t\t\n\t\t<!-- blog -->\n    <div class=\"row\">\n            <div class=\"col-lg-12\">\n        <!-- title -->\n        <h5 class=\"trm-mb-40 trm-title--h trm-title-with-divider\">\n        \t<span >\n          \tSon Yaz\u0131lanlar        <\/span>\n        \t<span data-number=\"02\"><\/span>\n        <\/h5>\n      <\/div>\n      \n            \t\t  <!-- col -->\n\t\t  <div class=\"col-12 col-lg-4\">\n\t\t    \n\n<!-- blog card -->\n<div class=\"trm-blog-card trm-scroll-animation\" data-scroll data-scroll-offset=\"40\">\n\t<div id=\"post-2046\" class=\"post-2046 post type-post status-publish format-standard hentry category-insan tag-emanet tag-fanilik tag-hakikat tag-ic-muhasebe tag-kulluk tag-tefekkur tag-teslimiyet\">\n\t  \t\t\n\t\t\n\t  <div class=\"trm-card-descr\">\n\t  \t\t\t\t\t    \t    <h5 class=\"trm-mb-20\"><a href=\"https:\/\/rafetcaglar.com.tr\/tr\/sahiplik-degil-gecici-kullanim-hakki\/\" class=\"trm-anima-link\">Sahiplik De\u011fil, Ge\u00e7ici Kullan\u0131m Hakk\u0131<\/a><\/h5>\n\t    \t    <!-- text -->\n\t    <div class=\"trm-el-description\">\n\t    \t<p>\u0130nsan bazen gecenin sessizli\u011finde, bazen kalabal\u0131\u011f\u0131n ortas\u0131nda kendi i\u00e7ine d\u00f6n\u00fcp \u015fu soruyu soruyor: Ben ger\u00e7ekten neyim? Sahip oldu\u011fumu sand\u0131\u011f\u0131m bu&#8230; <\/p>\n<div class=\"trm-el-more\"><a href=\"https:\/\/rafetcaglar.com.tr\/tr\/sahiplik-degil-gecici-kullanim-hakki\/\" class=\"trm-label trm-label-color\"><span>Devam\u0131<\/span> <i class=\"fas fa-arrow-right\"><\/i><\/a><\/div>\n\t    <\/div>\n\t    \t    <div class=\"trm-divider trm-mb-20 trm-mt-20\"><\/div>\n\t    \t    <ul class=\"trm-card-data trm-label\">\n\t      <li>18 Nisan 2026<\/li>\n\t      <li>Rafet \u00c7A\u011eLAR<\/li>\n\t    <\/ul>\n\t    \t  <\/div>\n\t<\/div>\n<\/div>\n<!-- blog card end -->\n\t\t  <\/div>\n\t\t  <!-- col end -->\n\t\t  \t\t  <!-- col -->\n\t\t  <div class=\"col-12 col-lg-4\">\n\t\t    \n\n<!-- blog card -->\n<div class=\"trm-blog-card trm-scroll-animation\" data-scroll data-scroll-offset=\"40\">\n\t<div id=\"post-2043\" class=\"post-2043 post type-post status-publish format-standard hentry category-insan tag-nefs tag-seytan tag-yalan\">\n\t  \t\t\n\t\t\n\t  <div class=\"trm-card-descr\">\n\t  \t\t\t\t\t    \t    <h5 class=\"trm-mb-20\"><a href=\"https:\/\/rafetcaglar.com.tr\/tr\/nefsin-kurdugu-yalan\/\" class=\"trm-anima-link\">Nefsin Kurdu\u011fu Yalan<\/a><\/h5>\n\t    \t    <!-- text -->\n\t    <div class=\"trm-el-description\">\n\t    \t<p>\u0130nsan\u0131n d\u0131\u015far\u0131da sand\u0131\u011f\u0131 en b\u00fcy\u00fck sava\u015f, \u00e7o\u011fu zaman i\u00e7inde ba\u015flam\u0131\u015ft\u0131r. \u00c7\u00fcnk\u00fc insan\u0131 hakikatten uzakla\u015ft\u0131ran \u015fey her zaman g\u00f6r\u00fcnen bir d\u00fc\u015fman&#8230; <\/p>\n<div class=\"trm-el-more\"><a href=\"https:\/\/rafetcaglar.com.tr\/tr\/nefsin-kurdugu-yalan\/\" class=\"trm-label trm-label-color\"><span>Devam\u0131<\/span> <i class=\"fas fa-arrow-right\"><\/i><\/a><\/div>\n\t    <\/div>\n\t    \t    <div class=\"trm-divider trm-mb-20 trm-mt-20\"><\/div>\n\t    \t    <ul class=\"trm-card-data trm-label\">\n\t      <li>13 Nisan 2026<\/li>\n\t      <li>Rafet \u00c7A\u011eLAR<\/li>\n\t    <\/ul>\n\t    \t  <\/div>\n\t<\/div>\n<\/div>\n<!-- blog card end -->\n\t\t  <\/div>\n\t\t  <!-- col end -->\n\t\t  \t\t  <!-- col -->\n\t\t  <div class=\"col-12 col-lg-4\">\n\t\t    \n\n<!-- blog card -->\n<div class=\"trm-blog-card trm-scroll-animation\" data-scroll data-scroll-offset=\"40\">\n\t<div id=\"post-1984\" class=\"post-1984 post type-post status-publish format-standard hentry category-insan category-toplum tag-aile-iliskileri tag-bireysel-kararlar tag-empati tag-sinir-bilinci tag-toplumsal-baski\">\n\t  \t\t\n\t\t\n\t  <div class=\"trm-card-descr\">\n\t  \t\t\t\t\t    \t    <h5 class=\"trm-mb-20\"><a href=\"https:\/\/rafetcaglar.com.tr\/tr\/karar-alan-insana-yaklasirken-siniri-bilmek\/\" class=\"trm-anima-link\">Karar Alan \u0130nsana Yakla\u015f\u0131rken S\u0131n\u0131r\u0131 Bilmek<\/a><\/h5>\n\t    \t    <!-- text -->\n\t    <div class=\"trm-el-description\">\n\t    \t<p>Baz\u0131 kararlar vard\u0131r; d\u0131\u015far\u0131dan bak\u0131ld\u0131\u011f\u0131nda ani, sert ya da al\u0131\u015f\u0131lmad\u0131k g\u00f6r\u00fcn\u00fcr. Oysa insan hayat\u0131nda al\u0131nan \u00f6nemli kararlar\u0131n \u00e7o\u011fu, tek bir&#8230; <\/p>\n<div class=\"trm-el-more\"><a href=\"https:\/\/rafetcaglar.com.tr\/tr\/karar-alan-insana-yaklasirken-siniri-bilmek\/\" class=\"trm-label trm-label-color\"><span>Devam\u0131<\/span> <i class=\"fas fa-arrow-right\"><\/i><\/a><\/div>\n\t    <\/div>\n\t    \t    <div class=\"trm-divider trm-mb-20 trm-mt-20\"><\/div>\n\t    \t    <ul class=\"trm-card-data trm-label\">\n\t      <li>27 Mart 2026<\/li>\n\t      <li>Rafet \u00c7A\u011eLAR<\/li>\n\t    <\/ul>\n\t    \t  <\/div>\n\t<\/div>\n<\/div>\n<!-- blog card end -->\n\t\t  <\/div>\n\t\t  <!-- col end -->\n\t\t  \t\t  <!-- col -->\n\t\t  <div class=\"col-12 col-lg-4\">\n\t\t    \n\n<!-- blog card -->\n<div class=\"trm-blog-card trm-scroll-animation\" data-scroll data-scroll-offset=\"40\">\n\t<div id=\"post-1980\" class=\"post-1980 post type-post status-publish format-standard hentry category-insan category-toplum\">\n\t  \t\t\n\t\t\n\t  <div class=\"trm-card-descr\">\n\t  \t\t\t\t\t    \t    <h5 class=\"trm-mb-20\"><a href=\"https:\/\/rafetcaglar.com.tr\/tr\/akrabalik-baglari\/\" class=\"trm-anima-link\">Akrabal\u0131k Ba\u011flar\u0131<\/a><\/h5>\n\t    \t    <!-- text -->\n\t    <div class=\"trm-el-description\">\n\t    \t<p>Modern hayat\u0131n en b\u00fcy\u00fck handikaplar\u0131ndan biri \u015fu san\u0131r\u0131m: Yak\u0131n\u0131m\u0131zda olan\u0131 uzak zannetmek. Ayn\u0131 \u015fehirde ya\u015fad\u0131\u011f\u0131m\u0131z, ayn\u0131 sofraya bir zamanlar diz&#8230; <\/p>\n<div class=\"trm-el-more\"><a href=\"https:\/\/rafetcaglar.com.tr\/tr\/akrabalik-baglari\/\" class=\"trm-label trm-label-color\"><span>Devam\u0131<\/span> <i class=\"fas fa-arrow-right\"><\/i><\/a><\/div>\n\t    <\/div>\n\t    \t    <div class=\"trm-divider trm-mb-20 trm-mt-20\"><\/div>\n\t    \t    <ul class=\"trm-card-data trm-label\">\n\t      <li>7 Mart 2026<\/li>\n\t      <li>Rafet \u00c7A\u011eLAR<\/li>\n\t    <\/ul>\n\t    \t  <\/div>\n\t<\/div>\n<\/div>\n<!-- blog card end -->\n\t\t  <\/div>\n\t\t  <!-- col end -->\n\t\t  \t\t  <!-- col -->\n\t\t  <div class=\"col-12 col-lg-4\">\n\t\t    \n\n<!-- blog card -->\n<div class=\"trm-blog-card trm-scroll-animation\" data-scroll data-scroll-offset=\"40\">\n\t<div id=\"post-1975\" class=\"post-1975 post type-post status-publish format-standard hentry category-insan tag-ben-biliyorum tag-bildigini-sanmak tag-biliyor-musun tag-biliyorum tag-bilmiyorum\">\n\t  \t\t\n\t\t\n\t  <div class=\"trm-card-descr\">\n\t  \t\t\t\t\t    \t    <h5 class=\"trm-mb-20\"><a href=\"https:\/\/rafetcaglar.com.tr\/tr\/biliyor-musun\/\" class=\"trm-anima-link\">Biliyor musun?<\/a><\/h5>\n\t    \t    <!-- text -->\n\t    <div class=\"trm-el-description\">\n\t    \t<p>Bildi\u011fini sanmak bazen insan\u0131n \u00fcst\u00fcne giydi\u011fi en \u015f\u0131k ceket gibi duruyor; omuzlar\u0131 dikle\u015ftiriyor, sesi netle\u015ftiriyor, c\u00fcmleleri h\u0131zland\u0131r\u0131yor. Sabah kalabal\u0131\u011f\u0131nda, asans\u00f6rde,&#8230; <\/p>\n<div class=\"trm-el-more\"><a href=\"https:\/\/rafetcaglar.com.tr\/tr\/biliyor-musun\/\" class=\"trm-label trm-label-color\"><span>Devam\u0131<\/span> <i class=\"fas fa-arrow-right\"><\/i><\/a><\/div>\n\t    <\/div>\n\t    \t    <div class=\"trm-divider trm-mb-20 trm-mt-20\"><\/div>\n\t    \t    <ul class=\"trm-card-data trm-label\">\n\t      <li>4 \u015eubat 2026<\/li>\n\t      <li>Rafet \u00c7A\u011eLAR<\/li>\n\t    <\/ul>\n\t    \t  <\/div>\n\t<\/div>\n<\/div>\n<!-- blog card end -->\n\t\t  <\/div>\n\t\t  <!-- col end -->\n\t\t  \t\t  <!-- col -->\n\t\t  <div class=\"col-12 col-lg-4\">\n\t\t    \n\n<!-- blog card -->\n<div class=\"trm-blog-card trm-scroll-animation\" data-scroll data-scroll-offset=\"40\">\n\t<div id=\"post-1970\" class=\"post-1970 post type-post status-publish format-standard hentry category-insan tag-ahlaki-durus tag-farkindalik tag-icsel-yolculuk tag-nefs tag-zaman-bilinci\">\n\t  \t\t\n\t\t\n\t  <div class=\"trm-card-descr\">\n\t  \t\t\t\t\t    \t    <h5 class=\"trm-mb-20\"><a href=\"https:\/\/rafetcaglar.com.tr\/tr\/ruhu-anda-terk-etme\/\" class=\"trm-anima-link\">Ruhu Anda Terk Etme!<\/a><\/h5>\n\t    \t    <!-- text -->\n\t    <div class=\"trm-el-description\">\n\t    \t<p>Bir s\u00fcredir fark etmeden h\u0131zland\u0131k.D\u00fc\u015f\u00fcnmeden karar veriyor, tartmadan y\u00f6n de\u011fi\u015ftiriyoruz. \u201c\u015eimdi\u201dnin sesi o kadar y\u00fckseldi ki, \u201csonra\u201dy\u0131 ve \u201cni\u00e7in\u201di duyamaz&#8230; <\/p>\n<div class=\"trm-el-more\"><a href=\"https:\/\/rafetcaglar.com.tr\/tr\/ruhu-anda-terk-etme\/\" class=\"trm-label trm-label-color\"><span>Devam\u0131<\/span> <i class=\"fas fa-arrow-right\"><\/i><\/a><\/div>\n\t    <\/div>\n\t    \t    <div class=\"trm-divider trm-mb-20 trm-mt-20\"><\/div>\n\t    \t    <ul class=\"trm-card-data trm-label\">\n\t      <li>1 Ocak 2026<\/li>\n\t      <li>Rafet \u00c7A\u011eLAR<\/li>\n\t    <\/ul>\n\t    \t  <\/div>\n\t<\/div>\n<\/div>\n<!-- blog card end -->\n\t\t  <\/div>\n\t\t  <!-- col end -->\n\t\t  \t\t  <!-- col -->\n\t\t  <div class=\"col-12 col-lg-4\">\n\t\t    \n\n<!-- blog card -->\n<div class=\"trm-blog-card trm-scroll-animation\" data-scroll data-scroll-offset=\"40\">\n\t<div id=\"post-1963\" class=\"post-1963 post type-post status-publish format-standard hentry category-sozler\">\n\t  \t\t\n\t\t\n\t  <div class=\"trm-card-descr\">\n\t  \t\t\t\t\t    \t    <h5 class=\"trm-mb-20\"><a href=\"https:\/\/rafetcaglar.com.tr\/tr\/sabir\/\" class=\"trm-anima-link\">Sab\u0131r<\/a><\/h5>\n\t    \t    <!-- text -->\n\t    <div class=\"trm-el-description\">\n\t    \t<p>Bazen kap\u0131lar ge\u00e7 a\u00e7\u0131l\u0131r, yollar ge\u00e7 ayd\u0131nlan\u0131r; bu seni yormak i\u00e7in de\u011fil, haz\u0131rlanman i\u00e7indir. \u00c7\u00fcnk\u00fc her nasip, vaktinde g\u00fczeldir. Ve&#8230; <\/p>\n<div class=\"trm-el-more\"><a href=\"https:\/\/rafetcaglar.com.tr\/tr\/sabir\/\" class=\"trm-label trm-label-color\"><span>Devam\u0131<\/span> <i class=\"fas fa-arrow-right\"><\/i><\/a><\/div>\n\t    <\/div>\n\t    \t    <div class=\"trm-divider trm-mb-20 trm-mt-20\"><\/div>\n\t    \t    <ul class=\"trm-card-data trm-label\">\n\t      <li>1 Aral\u0131k 2025<\/li>\n\t      <li>Rafet \u00c7A\u011eLAR<\/li>\n\t    <\/ul>\n\t    \t  <\/div>\n\t<\/div>\n<\/div>\n<!-- blog card end -->\n\t\t  <\/div>\n\t\t  <!-- col end -->\n\t\t  \t\t  <!-- col -->\n\t\t  <div class=\"col-12 col-lg-4\">\n\t\t    \n\n<!-- blog card -->\n<div class=\"trm-blog-card trm-scroll-animation\" data-scroll data-scroll-offset=\"40\">\n\t<div id=\"post-1952\" class=\"post-1952 post type-post status-publish format-standard hentry category-toplum tag-bagimlilik tag-cagdaslik tag-sanatcilar tag-sorumluluk tag-unluler tag-uyusturucu\">\n\t  \t\t\n\t\t\n\t  <div class=\"trm-card-descr\">\n\t  \t\t\t\t\t    \t    <h5 class=\"trm-mb-20\"><a href=\"https:\/\/rafetcaglar.com.tr\/tr\/toplumsal-sorumluluk-krizi-ve-unlulerin-bagimlilik-kiskaci\/\" class=\"trm-anima-link\">Toplumsal Sorumluluk Krizi ve \u00dcnl\u00fclerin Ba\u011f\u0131ml\u0131l\u0131k K\u0131skac\u0131<\/a><\/h5>\n\t    \t    <!-- text -->\n\t    <div class=\"trm-el-description\">\n\t    \t<p>Sanat\u00e7\u0131lar, toplumun k\u00fclt\u00fcrel ve ahlaki k\u0131lavuzlar\u0131d\u0131r. Onlara atfedilen \u00fcn, itibar ve kamusal g\u00f6r\u00fcn\u00fcrl\u00fck, bireysel yeteneklerinin \u00f6tesinde, toplumsal s\u00f6zle\u015fme gere\u011fi etik&#8230; <\/p>\n<div class=\"trm-el-more\"><a href=\"https:\/\/rafetcaglar.com.tr\/tr\/toplumsal-sorumluluk-krizi-ve-unlulerin-bagimlilik-kiskaci\/\" class=\"trm-label trm-label-color\"><span>Devam\u0131<\/span> <i class=\"fas fa-arrow-right\"><\/i><\/a><\/div>\n\t    <\/div>\n\t    \t    <div class=\"trm-divider trm-mb-20 trm-mt-20\"><\/div>\n\t    \t    <ul class=\"trm-card-data trm-label\">\n\t      <li>18 Ekim 2025<\/li>\n\t      <li>Rafet \u00c7A\u011eLAR<\/li>\n\t    <\/ul>\n\t    \t  <\/div>\n\t<\/div>\n<\/div>\n<!-- blog card end -->\n\t\t  <\/div>\n\t\t  <!-- col end -->\n\t\t  \t\t  <!-- col -->\n\t\t  <div class=\"col-12 col-lg-4\">\n\t\t    \n\n<!-- blog card -->\n<div class=\"trm-blog-card trm-scroll-animation\" data-scroll data-scroll-offset=\"40\">\n\t<div id=\"post-1948\" class=\"post-1948 post type-post status-publish format-standard hentry category-insan category-toplum tag-ebeveyn-cocuk tag-freud tag-itibar-kaybi tag-ozur-dilemek tag-yanlis-anlasildi\">\n\t  \t\t\n\t\t\n\t  <div class=\"trm-card-descr\">\n\t  \t\t\t\t\t    \t    <h5 class=\"trm-mb-20\"><a href=\"https:\/\/rafetcaglar.com.tr\/tr\/ozur-dilemenin-inceligi-hata-kulturunu-ogrenmek\/\" class=\"trm-anima-link\">\u00d6z\u00fcr dilemenin inceli\u011fi: hata k\u00fclt\u00fcr\u00fcn\u00fc \u00f6\u011frenmek<\/a><\/h5>\n\t    \t    <!-- text -->\n\t    <div class=\"trm-el-description\">\n\t    \t<p>\u201cHatal\u0131 oldu\u011funu anlamak ve \u00f6z\u00fcr dilemek, sadece beynini kullanabilen insanlara \u00f6zg\u00fcd\u00fcr\u201d c\u00fcmlesi Freud\u2019a atfedilir. Atf\u0131n kesinli\u011finden ba\u011f\u0131ms\u0131z olarak, \u00f6z\u00fcr dilemek&#8230; <\/p>\n<div class=\"trm-el-more\"><a href=\"https:\/\/rafetcaglar.com.tr\/tr\/ozur-dilemenin-inceligi-hata-kulturunu-ogrenmek\/\" class=\"trm-label trm-label-color\"><span>Devam\u0131<\/span> <i class=\"fas fa-arrow-right\"><\/i><\/a><\/div>\n\t    <\/div>\n\t    \t    <div class=\"trm-divider trm-mb-20 trm-mt-20\"><\/div>\n\t    \t    <ul class=\"trm-card-data trm-label\">\n\t      <li>5 Ekim 2025<\/li>\n\t      <li>Rafet \u00c7A\u011eLAR<\/li>\n\t    <\/ul>\n\t    \t  <\/div>\n\t<\/div>\n<\/div>\n<!-- blog card end -->\n\t\t  <\/div>\n\t\t  <!-- col end -->\n\t\t  \t\t  \n\t\t  \t\t  \t\t  <div class=\"col-lg-12\">\n\t\t  \t  <div class=\"trm-divider trm-mb-40\"><\/div>\n\t\t\t  <!-- pagination -->\n\t\t\t  <div class=\"trm-pagination\">\n\t\t\t      \t<span aria-current=\"page\" class=\"page-numbers current\">1<\/span>\n<a class=\"page-numbers\" href=\"https:\/\/rafetcaglar.com.tr\/tr\/wp-json\/wp\/v2\/pages\/605\/page\/2\/\">2<\/a>\n<a class=\"page-numbers\" href=\"https:\/\/rafetcaglar.com.tr\/tr\/wp-json\/wp\/v2\/pages\/605\/page\/3\/\">3<\/a>\n<span class=\"page-numbers dots\">&hellip;<\/span>\n<a class=\"page-numbers\" href=\"https:\/\/rafetcaglar.com.tr\/tr\/wp-json\/wp\/v2\/pages\/605\/page\/12\/\">12<\/a>\n<a class=\"next page-numbers\" href=\"https:\/\/rafetcaglar.com.tr\/tr\/wp-json\/wp\/v2\/pages\/605\/page\/2\/\">Sonraki<\/a>\t\t\t  <\/div>\n\t\t  <\/div>\n\t\t  <!-- pagination end -->\n\t\t  \n\t\t                    <\/div>\n        <!-- blog end -->\n\n\t\t\t\t\t\t<\/div>\n\t\t\t\t<\/div>\n\t\t\t\t\t<\/div>\n\t\t<\/div>\n\t\t\t\t\t<\/div>\n\t\t<\/section>\n\t\t\t\t<\/div>\n\t\t","protected":false},"excerpt":{"rendered":"<p>\u00c7ocuklar 2 Read publications Fikirler 3 Read publications \u0130nsan 12 Read publications Mergen 1 Read publications S\u00f6zler 51 Read publications&#8230; <\/p>\n<div class=\"trm-el-more\"><a href=\"https:\/\/rafetcaglar.com.tr\/tr\/ozur-dilemenin-inceligi-hata-kulturunu-ogrenmek\/\" class=\"trm-label trm-label-color\"><span>Devam\u0131<\/span> <i class=\"fas fa-arrow-right\"><\/i><\/a><\/div>\n","protected":false},"author":1,"featured_media":0,"parent":0,"menu_order":0,"comment_status":"closed","ping_status":"closed","template":"template-layout-builder.php","meta":{"_acf_changed":false,"footnotes":""},"class_list":["post-605","page","type-page","status-publish","hentry"],"acf":[],"_links":{"self":[{"href":"https:\/\/rafetcaglar.com.tr\/tr\/wp-json\/wp\/v2\/pages\/605","targetHints":{"allow":["GET"]}}],"collection":[{"href":"https:\/\/rafetcaglar.com.tr\/tr\/wp-json\/wp\/v2\/pages"}],"about":[{"href":"https:\/\/rafetcaglar.com.tr\/tr\/wp-json\/wp\/v2\/types\/page"}],"author":[{"embeddable":true,"href":"https:\/\/rafetcaglar.com.tr\/tr\/wp-json\/wp\/v2\/users\/1"}],"replies":[{"embeddable":true,"href":"https:\/\/rafetcaglar.com.tr\/tr\/wp-json\/wp\/v2\/comments?post=605"}],"version-history":[{"count":18,"href":"https:\/\/rafetcaglar.com.tr\/tr\/wp-json\/wp\/v2\/pages\/605\/revisions"}],"predecessor-version":[{"id":1746,"href":"https:\/\/rafetcaglar.com.tr\/tr\/wp-json\/wp\/v2\/pages\/605\/revisions\/1746"}],"wp:attachment":[{"href":"https:\/\/rafetcaglar.com.tr\/tr\/wp-json\/wp\/v2\/media?parent=605"}],"curies":[{"name":"wp","href":"https:\/\/api.w.org\/{rel}","templated":true}]}}