{"id":214,"date":"2020-09-24T10:31:59","date_gmt":"2020-09-24T10:31:59","guid":{"rendered":"https:\/\/trueman-demo.bslthemes.com\/?page_id=13"},"modified":"2025-04-13T13:01:26","modified_gmt":"2025-04-13T10:01:26","slug":"anasayfa","status":"publish","type":"page","link":"https:\/\/rafetcaglar.com.tr\/tr\/","title":{"rendered":"Anasayfa"},"content":{"rendered":"\t\t<div data-elementor-type=\"wp-page\" data-elementor-id=\"214\" class=\"elementor elementor-214\">\n\t\t\t\t\t\t<section class=\"elementor-section elementor-top-section elementor-element elementor-element-503695a elementor-section-full_width elementor-section-height-default elementor-section-height-default\" data-id=\"503695a\" data-element_type=\"section\" data-e-type=\"section\">\n\t\t\t\t\t\t<div class=\"elementor-container elementor-column-gap-no\">\n\t\t\t\t\t<div class=\"elementor-column elementor-col-100 elementor-top-column elementor-element elementor-element-ebfcfb8\" data-id=\"ebfcfb8\" data-element_type=\"column\" data-e-type=\"column\">\n\t\t\t<div class=\"elementor-widget-wrap elementor-element-populated\">\n\t\t\t\t\t\t<div class=\"elementor-element elementor-element-cc79b8e elementor-widget elementor-widget-trueman-numbers\" data-id=\"cc79b8e\" data-element_type=\"widget\" data-e-type=\"widget\" data-widget_type=\"trueman-numbers.default\">\n\t\t\t\t<div class=\"elementor-widget-container\">\n\t\t\t\t\t\n\t\t\t\t<!-- stats -->\n        <div class=\"row\">\n                    <div class=\"col-lg-4\">\n\n            <!-- counter -->\n            <div class=\"trm-counter-up trm-scroll-animation\" data-scroll data-scroll-offset=\"40\">\n              <div class=\"trm-counter-number\">\n              \t<span class=\"trm-counter\">\n              \t\t<span >\n\t\t        \t\t50\t\t        \t<\/span>\n              \t<\/span>\n              \t              \t<span class=\"trm-counter-symbol\">+<\/span>\n              \t              <\/div>\n              <div class=\"trm-divider trm-mb-20 trm-mt-20\"><\/div>\n              <div class=\"trm-label\">\n              \t<span >\n\t        \t\tASLA <br>VAZGE\u00c7MEM!\t        \t<\/span>\n              <\/div>\n            <\/div>\n            <!-- counter end -->\n\n          <\/div>\n                    <div class=\"col-lg-4\">\n\n            <!-- counter -->\n            <div class=\"trm-counter-up trm-scroll-animation\" data-scroll data-scroll-offset=\"40\">\n              <div class=\"trm-counter-number\">\n              \t<span class=\"trm-counter\">\n              \t\t<span >\n\t\t        \t\t500\t\t        \t<\/span>\n              \t<\/span>\n              \t              \t<span class=\"trm-counter-symbol\">+<\/span>\n              \t              <\/div>\n              <div class=\"trm-divider trm-mb-20 trm-mt-20\"><\/div>\n              <div class=\"trm-label\">\n              \t<span >\n\t        \t\tOLMASA DA<br>OLUR?\t        \t<\/span>\n              <\/div>\n            <\/div>\n            <!-- counter end -->\n\n          <\/div>\n                    <div class=\"col-lg-4\">\n\n            <!-- counter -->\n            <div class=\"trm-counter-up trm-scroll-animation\" data-scroll data-scroll-offset=\"40\">\n              <div class=\"trm-counter-number\">\n              \t<span class=\"trm-counter\">\n              \t\t<span >\n\t\t        \t\t150\t\t        \t<\/span>\n              \t<\/span>\n              \t              \t<span class=\"trm-counter-symbol\">+<\/span>\n              \t              <\/div>\n              <div class=\"trm-divider trm-mb-20 trm-mt-20\"><\/div>\n              <div class=\"trm-label\">\n              \t<span >\n\t        \t\tASLA <br>OLMAMALI!\t        \t<\/span>\n              <\/div>\n            <\/div>\n            <!-- counter end -->\n\n          <\/div>\n                  <\/div>\n        <!-- stats end -->\n        \n\t\t\t\t\t\t<\/div>\n\t\t\t\t<\/div>\n\t\t\t\t\t<\/div>\n\t\t<\/div>\n\t\t\t\t\t<\/div>\n\t\t<\/section>\n\t\t\t\t<section class=\"elementor-section elementor-top-section elementor-element elementor-element-f57a739 elementor-section-full_width elementor-section-height-default elementor-section-height-default\" data-id=\"f57a739\" data-element_type=\"section\" data-e-type=\"section\">\n\t\t\t\t\t\t<div class=\"elementor-container elementor-column-gap-no\">\n\t\t\t\t\t<div class=\"elementor-column elementor-col-100 elementor-top-column elementor-element elementor-element-a61f8dd\" data-id=\"a61f8dd\" data-element_type=\"column\" data-e-type=\"column\">\n\t\t\t<div class=\"elementor-widget-wrap elementor-element-populated\">\n\t\t\t\t\t\t<div class=\"elementor-element elementor-element-74e94cb elementor-widget elementor-widget-trueman-quote\" data-id=\"74e94cb\" data-element_type=\"widget\" data-e-type=\"widget\" data-widget_type=\"trueman-quote.default\">\n\t\t\t\t<div class=\"elementor-widget-container\">\n\t\t\t\t\t\n\t\t<!-- text -->\n        <div class=\"row\">\n          <div class=\"col-lg-12\">\n          \t            <!-- title -->\n            <h5 class=\"trm-mb-40 trm-title--h trm-title-with-divider\">\n            \t<span >\n\t\t          \tHayat\u0131mdaki insanlar\t\t        <\/span>\n            \t<span data-number=\"01\"><\/span>\n            <\/h5>\n            \n                        <!-- quote -->\n            <blockquote class=\"trm-text--t trm-scroll-animation\" data-scroll data-scroll-offset=\"40\">\n            \t<div >\n\t\t          \t  <span style=\"color:#01CCFF\">Asla vazge\u00e7mem<\/span>; hayat\u0131mda yeri sabittir, sevgileri derindir.<br>\n  <span style=\"color:#01CCFF\">Olmasa da olur<\/span>; varl\u0131klar\u0131na sayg\u0131m vard\u0131r, yokluklar\u0131na al\u0131\u015f\u0131\u011f\u0131m.<br>\n  <span style=\"color:#01CCFF\">Asla olmamal\u0131<\/span>; beni yoran, y\u0131pratan herkes ge\u00e7mi\u015fte kalm\u0131\u015ft\u0131r.\n\t\t        \t<\/div>\n            <\/blockquote>\n            <!-- quote end -->\n            \n          <\/div>\n        <\/div>\n        <!-- text end -->\n\n\t\t\t\t\t\t<\/div>\n\t\t\t\t<\/div>\n\t\t\t\t\t<\/div>\n\t\t<\/div>\n\t\t\t\t\t<\/div>\n\t\t<\/section>\n\t\t\t\t<section class=\"elementor-section elementor-top-section elementor-element elementor-element-dbf8480 elementor-section-full_width elementor-section-height-default elementor-section-height-default\" data-id=\"dbf8480\" data-element_type=\"section\" data-e-type=\"section\">\n\t\t\t\t\t\t<div class=\"elementor-container elementor-column-gap-no\">\n\t\t\t\t\t<div class=\"elementor-column elementor-col-100 elementor-top-column elementor-element elementor-element-0b10035\" data-id=\"0b10035\" data-element_type=\"column\" data-e-type=\"column\">\n\t\t\t<div class=\"elementor-widget-wrap elementor-element-populated\">\n\t\t\t\t\t\t<div class=\"elementor-element elementor-element-d9f3181 elementor-widget elementor-widget-trueman-services\" data-id=\"d9f3181\" data-element_type=\"widget\" data-e-type=\"widget\" data-widget_type=\"trueman-services.default\">\n\t\t\t\t<div class=\"elementor-widget-container\">\n\t\t\t\t\t\n\t\t<!-- services -->\n        <div class=\"row\">\n                    <div class=\"col-lg-12\">\n            <h5 class=\"trm-mb-40 trm-title--h trm-title-with-divider\">\n            \t<span >\n\t\t          \tYol \u00fczerinde b\u0131rakt\u0131klar\u0131m\t\t        <\/span>\n            \t<span data-number=\"02\"><\/span>\n            <\/h5>\n          <\/div>\n          \n                              <div class=\"col-lg-6\">\n\n            <!-- service -->\n            <div class=\"trm-service-icon-box trm-scroll-animation\" data-scroll data-scroll-offset=\"40\">\n              <div class=\"trm-service-content\">\n                                <div class=\"trm-icon\">\n                                    <img decoding=\"async\" src=\"https:\/\/rafetcaglar.com.tr\/tr\/wp-content\/uploads\/2025\/04\/amblem2-512x433.webp\" alt=\"icon\" class=\"trm-black-icon\">\n                                                      <img decoding=\"async\" src=\"https:\/\/rafetcaglar.com.tr\/tr\/wp-content\/uploads\/2025\/04\/amblem-512x433.webp\" alt=\"icon\" class=\"trm-white-icon\">\n                                  <\/div>\n                                                <h6 class=\"trm-mb-20\">\n                \t<span >\n\t\t        \t\tKitaplar\u0131m\t\t        \t<\/span>\n                <\/h6>\n                                                <div class=\"trm-mb-20\">\n                \t<div >\n\t\t        \t\t<p>Hayal g\u00fcc\u00fcn\u00fcn rehberli\u011finde, anlam ve de\u011fer odakl\u0131 i\u00e7eriklerle \u015fekillenen kitaplar kaleme ald\u0131m.<br data-start=\"397\" data-end=\"400\" \/>\u00d6\u011fretmeden \u00f6\u011freten, d\u00fc\u015f\u00fcnd\u00fcren ve i\u00e7tenlikle yaz\u0131lm\u0131\u015f metinler burada yer al\u0131yor.<\/p>\t\t        \t<\/div>\n                <\/div>\n                                                <a href=\"https:\/\/rafetcaglar.com.tr\/tr\/kitaplar\/\" class=\"trm-label trm-label-color\">\n                \t<span >\n\t\t        \t\t\u0130ncele\t\t        \t<\/span>\n                \t<i class=\"fas fa-arrow-right\"><\/i>\n                <\/a>\n                              <\/div>\n            <\/div>\n            <!-- service end -->\n\n          <\/div>\n                    <div class=\"col-lg-6\">\n\n            <!-- service -->\n            <div class=\"trm-service-icon-box trm-scroll-animation\" data-scroll data-scroll-offset=\"40\">\n              <div class=\"trm-service-content\">\n                                <div class=\"trm-icon\">\n                                    <img decoding=\"async\" src=\"https:\/\/rafetcaglar.com.tr\/tr\/wp-content\/uploads\/2025\/04\/amblem2-512x433.webp\" alt=\"icon\" class=\"trm-black-icon\">\n                                                      <img decoding=\"async\" src=\"https:\/\/rafetcaglar.com.tr\/tr\/wp-content\/uploads\/2025\/04\/amblem-512x433.webp\" alt=\"icon\" class=\"trm-white-icon\">\n                                  <\/div>\n                                                <h6 class=\"trm-mb-20\">\n                \t<span >\n\t\t        \t\tYaz\u0131lar\u0131m\t\t        \t<\/span>\n                <\/h6>\n                                                <div class=\"trm-mb-20\">\n                \t<div >\n\t\t        \t\t<p>Ya\u015fanm\u0131\u015fl\u0131klar\u0131n, g\u00f6zlemlerin ve sorgulamalar\u0131m\u0131n i\u00e7inden s\u00fcz\u00fclm\u00fc\u015f d\u00fc\u015f\u00fcncelerimi burada toplad\u0131m.<br data-start=\"335\" data-end=\"338\" \/>G\u00fcnl\u00fck hayattan evrensel meselelere uzanan yaz\u0131larla, anlam aray\u0131\u015f\u0131na samimiyetle e\u015flik etmeye \u00e7al\u0131\u015ft\u0131m.<\/p>\t\t        \t<\/div>\n                <\/div>\n                                                <a href=\"https:\/\/rafetcaglar.com.tr\/tr\/blog\/\" class=\"trm-label trm-label-color\">\n                \t<span >\n\t\t        \t\t\u0130ncele\t\t        \t<\/span>\n                \t<i class=\"fas fa-arrow-right\"><\/i>\n                <\/a>\n                              <\/div>\n            <\/div>\n            <!-- service end -->\n\n          <\/div>\n                    <div class=\"col-lg-6\">\n\n            <!-- service -->\n            <div class=\"trm-service-icon-box trm-scroll-animation\" data-scroll data-scroll-offset=\"40\">\n              <div class=\"trm-service-content\">\n                                <div class=\"trm-icon\">\n                                    <img decoding=\"async\" src=\"https:\/\/rafetcaglar.com.tr\/tr\/wp-content\/uploads\/2025\/04\/amblem2-512x433.webp\" alt=\"icon\" class=\"trm-black-icon\">\n                                                      <img decoding=\"async\" src=\"https:\/\/rafetcaglar.com.tr\/tr\/wp-content\/uploads\/2025\/04\/amblem-512x433.webp\" alt=\"icon\" class=\"trm-white-icon\">\n                                  <\/div>\n                                                <h6 class=\"trm-mb-20\">\n                \t<span >\n\t\t        \t\tFikirlerim\t\t        \t<\/span>\n                <\/h6>\n                                                <div class=\"trm-mb-20\">\n                \t<div >\n\t\t        \t\t<p>Toplumsal ihtiya\u00e7lara kar\u015f\u0131l\u0131k gelen, umut ta\u015f\u0131yan ve \u00e7\u00f6z\u00fcm arayan d\u00fc\u015f\u00fcnce projeleri geli\u015ftirdim.<br data-start=\"809\" data-end=\"812\" \/>Sadece ele\u015ftirmek de\u011fil; \u00fcretmek, \u00f6nermek ve harekete ge\u00e7irmek istedim.<\/p>\t\t        \t<\/div>\n                <\/div>\n                                                <a href=\"https:\/\/rafetcaglar.com.tr\/tr\/category\/fikirler\/\" class=\"trm-label trm-label-color\">\n                \t<span >\n\t\t        \t\t\u0130ncele\t\t        \t<\/span>\n                \t<i class=\"fas fa-arrow-right\"><\/i>\n                <\/a>\n                              <\/div>\n            <\/div>\n            <!-- service end -->\n\n          <\/div>\n                    <div class=\"col-lg-6\">\n\n            <!-- service -->\n            <div class=\"trm-service-icon-box trm-scroll-animation\" data-scroll data-scroll-offset=\"40\">\n              <div class=\"trm-service-content\">\n                                <div class=\"trm-icon\">\n                                    <img decoding=\"async\" src=\"https:\/\/rafetcaglar.com.tr\/tr\/wp-content\/uploads\/2025\/04\/amblem2-512x433.webp\" alt=\"icon\" class=\"trm-black-icon\">\n                                                      <img decoding=\"async\" src=\"https:\/\/rafetcaglar.com.tr\/tr\/wp-content\/uploads\/2025\/04\/amblem-512x433.webp\" alt=\"icon\" class=\"trm-white-icon\">\n                                  <\/div>\n                                                <h6 class=\"trm-mb-20\">\n                \t<span >\n\t\t        \t\tS\u00f6zlerim\t\t        \t<\/span>\n                <\/h6>\n                                                <div class=\"trm-mb-20\">\n                \t<div >\n\t\t        \t\t<p>Hayat\u0131n i\u00e7inden s\u00fcz\u00fclen, zamanla dam\u0131t\u0131lm\u0131\u015f k\u0131sa ama derin c\u00fcmleleri bir araya getirdim.<br data-start=\"1000\" data-end=\"1003\" \/>Bazen bir \u00f6\u011f\u00fct, bazen bir duru\u015f; hepsi i\u00e7ten, sade ve iz b\u0131rakma niyetiyle.<\/p>\t\t        \t<\/div>\n                <\/div>\n                                                <a href=\"https:\/\/rafetcaglar.com.tr\/tr\/category\/sozler\/\" class=\"trm-label trm-label-color\">\n                \t<span >\n\t\t        \t\t\u0130ncele\t\t        \t<\/span>\n                \t<i class=\"fas fa-arrow-right\"><\/i>\n                <\/a>\n                              <\/div>\n            <\/div>\n            <!-- service end -->\n\n          <\/div>\n                            <\/div>\n        <!-- services end -->\n\n\t\t\t\t\t\t<\/div>\n\t\t\t\t<\/div>\n\t\t\t\t\t<\/div>\n\t\t<\/div>\n\t\t\t\t\t<\/div>\n\t\t<\/section>\n\t\t\t\t<section class=\"elementor-section elementor-top-section elementor-element elementor-element-86d0b05 elementor-section-full_width elementor-section-height-default elementor-section-height-default\" data-id=\"86d0b05\" data-element_type=\"section\" data-e-type=\"section\">\n\t\t\t\t\t\t<div class=\"elementor-container elementor-column-gap-no\">\n\t\t\t\t\t<div class=\"elementor-column elementor-col-100 elementor-top-column elementor-element elementor-element-9ad66b1\" data-id=\"9ad66b1\" data-element_type=\"column\" data-e-type=\"column\">\n\t\t\t<div class=\"elementor-widget-wrap elementor-element-populated\">\n\t\t\t\t\t\t<div class=\"elementor-element elementor-element-fc30246 elementor-widget elementor-widget-trueman-blog-grid\" data-id=\"fc30246\" data-element_type=\"widget\" data-e-type=\"widget\" data-widget_type=\"trueman-blog-grid.default\">\n\t\t\t\t<div class=\"elementor-widget-container\">\n\t\t\t\t\t\n\t\t<!-- blog -->\n    <div class=\"row\">\n            <div class=\"col-lg-12\">\n        <!-- title -->\n        <h5 class=\"trm-mb-40 trm-title--h trm-title-with-divider\">\n        \t<span >\n          \tBlog        <\/span>\n        \t<span data-number=\"03\"><\/span>\n        <\/h5>\n      <\/div>\n      \n            \t\t  <!-- col -->\n\t\t  <div class=\"col-12 col-lg-6\">\n\t\t    \n\n<!-- blog card -->\n<div class=\"trm-blog-card trm-scroll-animation\" data-scroll data-scroll-offset=\"40\">\n\t<div id=\"post-2046\" class=\"post-2046 post type-post status-publish format-standard hentry category-insan tag-emanet tag-fanilik tag-hakikat tag-ic-muhasebe tag-kulluk tag-tefekkur tag-teslimiyet\">\n\t  \t\t\n\t\t\n\t  <div class=\"trm-card-descr\">\n\t  \t\t\t\t\t    \t    <h5 class=\"trm-mb-20\"><a href=\"https:\/\/rafetcaglar.com.tr\/tr\/sahiplik-degil-gecici-kullanim-hakki\/\" class=\"trm-anima-link\">Sahiplik De\u011fil, Ge\u00e7ici Kullan\u0131m Hakk\u0131<\/a><\/h5>\n\t    \t    <!-- text -->\n\t    <div class=\"trm-el-description\">\n\t    \t<p>\u0130nsan bazen gecenin sessizli\u011finde, bazen kalabal\u0131\u011f\u0131n ortas\u0131nda kendi i\u00e7ine d\u00f6n\u00fcp \u015fu soruyu soruyor: Ben ger\u00e7ekten neyim? Sahip oldu\u011fumu sand\u0131\u011f\u0131m bu&#8230; <\/p>\n<div class=\"trm-el-more\"><a href=\"https:\/\/rafetcaglar.com.tr\/tr\/sahiplik-degil-gecici-kullanim-hakki\/\" class=\"trm-label trm-label-color\"><span>Devam\u0131<\/span> <i class=\"fas fa-arrow-right\"><\/i><\/a><\/div>\n\t    <\/div>\n\t    \t    <div class=\"trm-divider trm-mb-20 trm-mt-20\"><\/div>\n\t    \t    <ul class=\"trm-card-data trm-label\">\n\t      <li>18 Nisan 2026<\/li>\n\t      <li>Rafet \u00c7A\u011eLAR<\/li>\n\t    <\/ul>\n\t    \t  <\/div>\n\t<\/div>\n<\/div>\n<!-- blog card end -->\n\t\t  <\/div>\n\t\t  <!-- col end -->\n\t\t  \t\t  <!-- col -->\n\t\t  <div class=\"col-12 col-lg-6\">\n\t\t    \n\n<!-- blog card -->\n<div class=\"trm-blog-card trm-scroll-animation\" data-scroll data-scroll-offset=\"40\">\n\t<div id=\"post-2043\" class=\"post-2043 post type-post status-publish format-standard hentry category-insan tag-nefs tag-seytan tag-yalan\">\n\t  \t\t\n\t\t\n\t  <div class=\"trm-card-descr\">\n\t  \t\t\t\t\t    \t    <h5 class=\"trm-mb-20\"><a href=\"https:\/\/rafetcaglar.com.tr\/tr\/nefsin-kurdugu-yalan\/\" class=\"trm-anima-link\">Nefsin Kurdu\u011fu Yalan<\/a><\/h5>\n\t    \t    <!-- text -->\n\t    <div class=\"trm-el-description\">\n\t    \t<p>\u0130nsan\u0131n d\u0131\u015far\u0131da sand\u0131\u011f\u0131 en b\u00fcy\u00fck sava\u015f, \u00e7o\u011fu zaman i\u00e7inde ba\u015flam\u0131\u015ft\u0131r. \u00c7\u00fcnk\u00fc insan\u0131 hakikatten uzakla\u015ft\u0131ran \u015fey her zaman g\u00f6r\u00fcnen bir d\u00fc\u015fman&#8230; <\/p>\n<div class=\"trm-el-more\"><a href=\"https:\/\/rafetcaglar.com.tr\/tr\/nefsin-kurdugu-yalan\/\" class=\"trm-label trm-label-color\"><span>Devam\u0131<\/span> <i class=\"fas fa-arrow-right\"><\/i><\/a><\/div>\n\t    <\/div>\n\t    \t    <div class=\"trm-divider trm-mb-20 trm-mt-20\"><\/div>\n\t    \t    <ul class=\"trm-card-data trm-label\">\n\t      <li>13 Nisan 2026<\/li>\n\t      <li>Rafet \u00c7A\u011eLAR<\/li>\n\t    <\/ul>\n\t    \t  <\/div>\n\t<\/div>\n<\/div>\n<!-- blog card end -->\n\t\t  <\/div>\n\t\t  <!-- col end -->\n\t\t  \t\t  \n\t\t  \t\t  \n\t\t                    <\/div>\n        <!-- blog end -->\n\n\t\t\t\t\t\t<\/div>\n\t\t\t\t<\/div>\n\t\t\t\t\t<\/div>\n\t\t<\/div>\n\t\t\t\t\t<\/div>\n\t\t<\/section>\n\t\t\t\t<\/div>\n\t\t","protected":false},"excerpt":{"rendered":"<p>50 + ASLA VAZGE\u00c7MEM! 500 + OLMASA DAOLUR? 150 + ASLA OLMAMALI! Hayat\u0131mdaki insanlar Asla vazge\u00e7mem; hayat\u0131mda yeri sabittir, sevgileri&#8230; <\/p>\n<div class=\"trm-el-more\"><a href=\"https:\/\/rafetcaglar.com.tr\/tr\/nefsin-kurdugu-yalan\/\" class=\"trm-label trm-label-color\"><span>Devam\u0131<\/span> <i class=\"fas fa-arrow-right\"><\/i><\/a><\/div>\n","protected":false},"author":1,"featured_media":0,"parent":0,"menu_order":0,"comment_status":"closed","ping_status":"closed","template":"template-layout-builder.php","meta":{"_acf_changed":false,"footnotes":""},"class_list":["post-214","page","type-page","status-publish","hentry"],"acf":[],"_links":{"self":[{"href":"https:\/\/rafetcaglar.com.tr\/tr\/wp-json\/wp\/v2\/pages\/214","targetHints":{"allow":["GET"]}}],"collection":[{"href":"https:\/\/rafetcaglar.com.tr\/tr\/wp-json\/wp\/v2\/pages"}],"about":[{"href":"https:\/\/rafetcaglar.com.tr\/tr\/wp-json\/wp\/v2\/types\/page"}],"author":[{"embeddable":true,"href":"https:\/\/rafetcaglar.com.tr\/tr\/wp-json\/wp\/v2\/users\/1"}],"replies":[{"embeddable":true,"href":"https:\/\/rafetcaglar.com.tr\/tr\/wp-json\/wp\/v2\/comments?post=214"}],"version-history":[{"count":67,"href":"https:\/\/rafetcaglar.com.tr\/tr\/wp-json\/wp\/v2\/pages\/214\/revisions"}],"predecessor-version":[{"id":1351,"href":"https:\/\/rafetcaglar.com.tr\/tr\/wp-json\/wp\/v2\/pages\/214\/revisions\/1351"}],"wp:attachment":[{"href":"https:\/\/rafetcaglar.com.tr\/tr\/wp-json\/wp\/v2\/media?parent=214"}],"curies":[{"name":"wp","href":"https:\/\/api.w.org\/{rel}","templated":true}]}}