{"id":1562,"date":"2025-04-28T17:10:05","date_gmt":"2025-04-28T14:10:05","guid":{"rendered":"https:\/\/rafetcaglar.com.tr\/tr\/?page_id=1562"},"modified":"2025-07-17T05:17:09","modified_gmt":"2025-07-17T02:17:09","slug":"sozler","status":"publish","type":"page","link":"https:\/\/rafetcaglar.com.tr\/tr\/sozler\/","title":{"rendered":"S\u00f6zler"},"content":{"rendered":"\t\t<div data-elementor-type=\"wp-page\" data-elementor-id=\"1562\" class=\"elementor elementor-1562\">\n\t\t\t\t\t\t<section class=\"elementor-section elementor-top-section elementor-element elementor-element-cb76277 elementor-section-full_width elementor-section-height-default elementor-section-height-default\" data-id=\"cb76277\" data-element_type=\"section\" data-e-type=\"section\">\n\t\t\t\t\t\t<div class=\"elementor-container elementor-column-gap-no\">\n\t\t\t\t\t<div class=\"elementor-column elementor-col-100 elementor-top-column elementor-element elementor-element-e2dd36e\" data-id=\"e2dd36e\" data-element_type=\"column\" data-e-type=\"column\">\n\t\t\t<div class=\"elementor-widget-wrap elementor-element-populated\">\n\t\t\t\t\t\t<div class=\"elementor-element elementor-element-d5c972c elementor-widget elementor-widget-trueman-custom-text\" data-id=\"d5c972c\" data-element_type=\"widget\" data-e-type=\"widget\" data-widget_type=\"trueman-custom-text.default\">\n\t\t\t\t<div class=\"elementor-widget-container\">\n\t\t\t\t\t\n\t\t<!-- text -->\n    <div class=\"row\">\n      <div class=\"col-lg-12\">\n      \t        <!-- title -->\n        <h5 class=\"trm-mb-40 trm-title--h trm-title-with-divider\">\n        \t<span >\n          \tS\u00f6zler...          <\/span>\n        \t<span data-number=\"01\"><\/span>\n        <\/h5>\n        \n                <!-- quote -->\n        <div class=\"trm-card trm-publication\">\n\t\t\t\t\t<div class=\"content-box\">\n\t\t\t\t\t\t<div class=\"single-post-text trm-text--t\">\n\t\t\t\t\t\t\t<div >\n\t\t          \t<p>Baz\u0131 s\u00f6zler, kelimelerden daha fazlas\u0131d\u0131r.<br \/>Bir \u00f6m\u00fcrl\u00fck tecr\u00fcbeyi, bir anl\u0131k hissi, bir sessizli\u011fi anlat\u0131r.<br \/>Bazen bir \u00f6\u011f\u00fct olur, bazen bir teselli, bazen de sadece suskun bir dost.<br \/><br \/>Felsefeden dostlu\u011fa, a\u015fktan sabra, inan\u00e7tan umuda kadar uzanan bu s\u00f6zler,<br \/>insan\u0131n kendine ve hayata yeniden bakmas\u0131na vesile olsun istiyoruz.<br \/><br \/>Her s\u00f6z, bir iz.<br \/>Her iz, bir hat\u0131ra.<br \/>Ve her hat\u0131ra, insanca bir ya\u015fama \u00e7a\u011fr\u0131...<\/p>\t\t        \t<\/div>\n\t\t\t\t\t\t<\/div>\n\t\t\t\t  <\/div>\n        <\/div>\n        <!-- quote end -->\n        \n      <\/div>\n    <\/div>\n    <!-- text end -->\n\n\t\t\t\t\t\t<\/div>\n\t\t\t\t<\/div>\n\t\t\t\t\t<\/div>\n\t\t<\/div>\n\t\t\t\t\t<\/div>\n\t\t<\/section>\n\t\t\t\t<section class=\"elementor-section elementor-top-section elementor-element elementor-element-66cb952 elementor-section-full_width elementor-section-height-default elementor-section-height-default\" data-id=\"66cb952\" data-element_type=\"section\" data-e-type=\"section\">\n\t\t\t\t\t\t<div class=\"elementor-container elementor-column-gap-no\">\n\t\t\t\t\t<div class=\"elementor-column elementor-col-100 elementor-top-column elementor-element elementor-element-edca18a\" data-id=\"edca18a\" data-element_type=\"column\" data-e-type=\"column\">\n\t\t\t<div class=\"elementor-widget-wrap elementor-element-populated\">\n\t\t\t\t\t\t<div class=\"elementor-element elementor-element-681945f elementor-widget elementor-widget-trueman-blog-grid\" data-id=\"681945f\" data-element_type=\"widget\" data-e-type=\"widget\" data-widget_type=\"trueman-blog-grid.default\">\n\t\t\t\t<div class=\"elementor-widget-container\">\n\t\t\t\t\t\n\t\t<!-- blog -->\n    <div class=\"row\">\n            <div class=\"col-lg-12\">\n        <!-- title -->\n        <h5 class=\"trm-mb-40 trm-title--h trm-title-with-divider\">\n        \t<span >\n          \tSon Yaz\u0131lanlar        <\/span>\n        \t<span data-number=\"02\"><\/span>\n        <\/h5>\n      <\/div>\n      \n            \t\t  <!-- col -->\n\t\t  <div class=\"col-12 col-lg-4\">\n\t\t    \n\n<!-- blog card -->\n<div class=\"trm-blog-card trm-scroll-animation\" data-scroll data-scroll-offset=\"40\">\n\t<div id=\"post-1963\" class=\"post-1963 post type-post status-publish format-standard hentry category-sozler\">\n\t  \t\t\n\t\t\n\t  <div class=\"trm-card-descr\">\n\t  \t\t\t\t\t    \t    <h5 class=\"trm-mb-20\"><a href=\"https:\/\/rafetcaglar.com.tr\/tr\/sabir\/\" class=\"trm-anima-link\">Sab\u0131r<\/a><\/h5>\n\t    \t    <!-- text -->\n\t    <div class=\"trm-el-description\">\n\t    \t<p>Bazen kap\u0131lar ge\u00e7 a\u00e7\u0131l\u0131r, yollar ge\u00e7 ayd\u0131nlan\u0131r; bu seni yormak i\u00e7in de\u011fil, haz\u0131rlanman i\u00e7indir. \u00c7\u00fcnk\u00fc her nasip, vaktinde g\u00fczeldir. Ve&#8230; <\/p>\n<div class=\"trm-el-more\"><a href=\"https:\/\/rafetcaglar.com.tr\/tr\/sabir\/\" class=\"trm-label trm-label-color\"><span>Devam\u0131<\/span> <i class=\"fas fa-arrow-right\"><\/i><\/a><\/div>\n\t    <\/div>\n\t    \t    <div class=\"trm-divider trm-mb-20 trm-mt-20\"><\/div>\n\t    \t    <ul class=\"trm-card-data trm-label\">\n\t      <li>1 Aral\u0131k 2025<\/li>\n\t      <li>Rafet \u00c7A\u011eLAR<\/li>\n\t    <\/ul>\n\t    \t  <\/div>\n\t<\/div>\n<\/div>\n<!-- blog card end -->\n\t\t  <\/div>\n\t\t  <!-- col end -->\n\t\t  \t\t  <!-- col -->\n\t\t  <div class=\"col-12 col-lg-4\">\n\t\t    \n\n<!-- blog card -->\n<div class=\"trm-blog-card trm-scroll-animation\" data-scroll data-scroll-offset=\"40\">\n\t<div id=\"post-1861\" class=\"post-1861 post type-post status-publish format-standard hentry category-sozler\">\n\t  \t\t\n\t\t\n\t  <div class=\"trm-card-descr\">\n\t  \t\t\t\t\t    \t    <h5 class=\"trm-mb-20\"><a href=\"https:\/\/rafetcaglar.com.tr\/tr\/babadan-ogutler-ozel-hayat\/\" class=\"trm-anima-link\">Babadan \u00d6\u011f\u00fctler &#8211; \u00d6zel Hayat<\/a><\/h5>\n\t    \t    <!-- text -->\n\t    <div class=\"trm-el-description\">\n\t    \t<p>\u0130nsan en \u00e7ok en yak\u0131n\u0131yla s\u0131nan\u0131r. Evlilik, e\u015flik, anlay\u0131\u015f ve sayg\u0131n\u0131n i\u00e7 i\u00e7e ge\u00e7ti\u011fi bu b\u00f6l\u00fcm; bireyselli\u011fi yok etmeden birlikte&#8230; <\/p>\n<div class=\"trm-el-more\"><a href=\"https:\/\/rafetcaglar.com.tr\/tr\/babadan-ogutler-ozel-hayat\/\" class=\"trm-label trm-label-color\"><span>Devam\u0131<\/span> <i class=\"fas fa-arrow-right\"><\/i><\/a><\/div>\n\t    <\/div>\n\t    \t    <div class=\"trm-divider trm-mb-20 trm-mt-20\"><\/div>\n\t    \t    <ul class=\"trm-card-data trm-label\">\n\t      <li>12 Eyl\u00fcl 2025<\/li>\n\t      <li>Rafet \u00c7A\u011eLAR<\/li>\n\t    <\/ul>\n\t    \t  <\/div>\n\t<\/div>\n<\/div>\n<!-- blog card end -->\n\t\t  <\/div>\n\t\t  <!-- col end -->\n\t\t  \t\t  <!-- col -->\n\t\t  <div class=\"col-12 col-lg-4\">\n\t\t    \n\n<!-- blog card -->\n<div class=\"trm-blog-card trm-scroll-animation\" data-scroll data-scroll-offset=\"40\">\n\t<div id=\"post-1859\" class=\"post-1859 post type-post status-publish format-standard hentry category-sozler\">\n\t  \t\t\n\t\t\n\t  <div class=\"trm-card-descr\">\n\t  \t\t\t\t\t    \t    <h5 class=\"trm-mb-20\"><a href=\"https:\/\/rafetcaglar.com.tr\/tr\/babadan-ogutler-tatil\/\" class=\"trm-anima-link\">Babadan \u00d6\u011f\u00fctler &#8211; Tatil<\/a><\/h5>\n\t    \t    <!-- text -->\n\t    <div class=\"trm-el-description\">\n\t    \t<p>Tatil yaln\u0131zca dinlenmek de\u011fil, hayatla yeniden ba\u011f kurmakt\u0131r. Bu b\u00f6l\u00fcm; tatilin bilin\u00e7li, de\u011fi\u015fken ve sa\u011fl\u0131kl\u0131 \u015fekilde de\u011ferlendirilmesini \u00f6nerir. Devaml\u0131l\u0131k yerine&#8230; <\/p>\n<div class=\"trm-el-more\"><a href=\"https:\/\/rafetcaglar.com.tr\/tr\/babadan-ogutler-tatil\/\" class=\"trm-label trm-label-color\"><span>Devam\u0131<\/span> <i class=\"fas fa-arrow-right\"><\/i><\/a><\/div>\n\t    <\/div>\n\t    \t    <div class=\"trm-divider trm-mb-20 trm-mt-20\"><\/div>\n\t    \t    <ul class=\"trm-card-data trm-label\">\n\t      <li>9 Eyl\u00fcl 2025<\/li>\n\t      <li>Rafet \u00c7A\u011eLAR<\/li>\n\t    <\/ul>\n\t    \t  <\/div>\n\t<\/div>\n<\/div>\n<!-- blog card end -->\n\t\t  <\/div>\n\t\t  <!-- col end -->\n\t\t  \t\t  <!-- col -->\n\t\t  <div class=\"col-12 col-lg-4\">\n\t\t    \n\n<!-- blog card -->\n<div class=\"trm-blog-card trm-scroll-animation\" data-scroll data-scroll-offset=\"40\">\n\t<div id=\"post-1857\" class=\"post-1857 post type-post status-publish format-standard hentry category-sozler\">\n\t  \t\t\n\t\t\n\t  <div class=\"trm-card-descr\">\n\t  \t\t\t\t\t    \t    <h5 class=\"trm-mb-20\"><a href=\"https:\/\/rafetcaglar.com.tr\/tr\/babadan-ogutler-ev-yasami\/\" class=\"trm-anima-link\">Babadan \u00d6\u011f\u00fctler &#8211; Ev Ya\u015fam\u0131<\/a><\/h5>\n\t    \t    <!-- text -->\n\t    <div class=\"trm-el-description\">\n\t    \t<p>Ev, insan\u0131n karakterini en \u00e7\u0131plak haliyle yans\u0131tt\u0131\u011f\u0131 yerdir. Bu b\u00f6l\u00fcm; d\u00fczen, hijyen, temel beceriler ve birlikte ya\u015fam k\u00fclt\u00fcr\u00fc gibi, bir&#8230; <\/p>\n<div class=\"trm-el-more\"><a href=\"https:\/\/rafetcaglar.com.tr\/tr\/babadan-ogutler-ev-yasami\/\" class=\"trm-label trm-label-color\"><span>Devam\u0131<\/span> <i class=\"fas fa-arrow-right\"><\/i><\/a><\/div>\n\t    <\/div>\n\t    \t    <div class=\"trm-divider trm-mb-20 trm-mt-20\"><\/div>\n\t    \t    <ul class=\"trm-card-data trm-label\">\n\t      <li>5 Eyl\u00fcl 2025<\/li>\n\t      <li>Rafet \u00c7A\u011eLAR<\/li>\n\t    <\/ul>\n\t    \t  <\/div>\n\t<\/div>\n<\/div>\n<!-- blog card end -->\n\t\t  <\/div>\n\t\t  <!-- col end -->\n\t\t  \t\t  <!-- col -->\n\t\t  <div class=\"col-12 col-lg-4\">\n\t\t    \n\n<!-- blog card -->\n<div class=\"trm-blog-card trm-scroll-animation\" data-scroll data-scroll-offset=\"40\">\n\t<div id=\"post-1855\" class=\"post-1855 post type-post status-publish format-standard hentry category-sozler\">\n\t  \t\t\n\t\t\n\t  <div class=\"trm-card-descr\">\n\t  \t\t\t\t\t    \t    <h5 class=\"trm-mb-20\"><a href=\"https:\/\/rafetcaglar.com.tr\/tr\/babadan-ogutler-otomobil\/\" class=\"trm-anima-link\">Babadan \u00d6\u011f\u00fctler &#8211; Otomobil<\/a><\/h5>\n\t    \t    <!-- text -->\n\t    <div class=\"trm-el-description\">\n\t    \t<p>Otomobil sadece bir ula\u015f\u0131m arac\u0131 de\u011fil, ayn\u0131 zamanda g\u00fcvenlik, sorumluluk ve ani ihtiya\u00e7lar i\u00e7in bir haz\u0131rl\u0131kt\u0131r. Bu b\u00f6l\u00fcm, ara\u00e7 sahipli\u011fi&#8230; <\/p>\n<div class=\"trm-el-more\"><a href=\"https:\/\/rafetcaglar.com.tr\/tr\/babadan-ogutler-otomobil\/\" class=\"trm-label trm-label-color\"><span>Devam\u0131<\/span> <i class=\"fas fa-arrow-right\"><\/i><\/a><\/div>\n\t    <\/div>\n\t    \t    <div class=\"trm-divider trm-mb-20 trm-mt-20\"><\/div>\n\t    \t    <ul class=\"trm-card-data trm-label\">\n\t      <li>2 Eyl\u00fcl 2025<\/li>\n\t      <li>Rafet \u00c7A\u011eLAR<\/li>\n\t    <\/ul>\n\t    \t  <\/div>\n\t<\/div>\n<\/div>\n<!-- blog card end -->\n\t\t  <\/div>\n\t\t  <!-- col end -->\n\t\t  \t\t  <!-- col -->\n\t\t  <div class=\"col-12 col-lg-4\">\n\t\t    \n\n<!-- blog card -->\n<div class=\"trm-blog-card trm-scroll-animation\" data-scroll data-scroll-offset=\"40\">\n\t<div id=\"post-1852\" class=\"post-1852 post type-post status-publish format-standard hentry category-sozler\">\n\t  \t\t\n\t\t\n\t  <div class=\"trm-card-descr\">\n\t  \t\t\t\t\t    \t    <h5 class=\"trm-mb-20\"><a href=\"https:\/\/rafetcaglar.com.tr\/tr\/babadan-ogutler-is-hayati\/\" class=\"trm-anima-link\">Babadan \u00d6\u011f\u00fctler &#8211; \u0130\u015f Hayat\u0131<\/a><\/h5>\n\t    \t    <!-- text -->\n\t    <div class=\"trm-el-description\">\n\t    \t<p>\u0130\u015f d\u00fcnyas\u0131; disiplin, itibar, g\u00fcven ve sab\u0131r isteyen bir yolculuktur. Bu b\u00f6l\u00fcmde i\u015f eti\u011fi, sorumluluk bilinci ve profesyonel duru\u015f hakk\u0131nda&#8230; <\/p>\n<div class=\"trm-el-more\"><a href=\"https:\/\/rafetcaglar.com.tr\/tr\/babadan-ogutler-is-hayati\/\" class=\"trm-label trm-label-color\"><span>Devam\u0131<\/span> <i class=\"fas fa-arrow-right\"><\/i><\/a><\/div>\n\t    <\/div>\n\t    \t    <div class=\"trm-divider trm-mb-20 trm-mt-20\"><\/div>\n\t    \t    <ul class=\"trm-card-data trm-label\">\n\t      <li>29 A\u011fustos 2025<\/li>\n\t      <li>Rafet \u00c7A\u011eLAR<\/li>\n\t    <\/ul>\n\t    \t  <\/div>\n\t<\/div>\n<\/div>\n<!-- blog card end -->\n\t\t  <\/div>\n\t\t  <!-- col end -->\n\t\t  \t\t  <!-- col -->\n\t\t  <div class=\"col-12 col-lg-4\">\n\t\t    \n\n<!-- blog card -->\n<div class=\"trm-blog-card trm-scroll-animation\" data-scroll data-scroll-offset=\"40\">\n\t<div id=\"post-1850\" class=\"post-1850 post type-post status-publish format-standard hentry category-sozler\">\n\t  \t\t\n\t\t\n\t  <div class=\"trm-card-descr\">\n\t  \t\t\t\t\t    \t    <h5 class=\"trm-mb-20\"><a href=\"https:\/\/rafetcaglar.com.tr\/tr\/babadan-ogutler-finansal-bilinc-ve-turkiye-gercekleri\/\" class=\"trm-anima-link\">Babadan \u00d6\u011f\u00fctler &#8211; Finansal Bilin\u00e7 ve T\u00fcrkiye Ger\u00e7ekleri<\/a><\/h5>\n\t    \t    <!-- text -->\n\t    <div class=\"trm-el-description\">\n\t    \t<p>Ekonomik \u00f6zg\u00fcrl\u00fck, hayat\u0131n bir\u00e7ok alan\u0131nda karar alma g\u00fcc\u00fcn\u00fc etkiler. Bu b\u00f6l\u00fcm, T\u00fcrkiye&#8217;nin ekonomik ger\u00e7ekleri \u0131\u015f\u0131\u011f\u0131nda dikkat edilmesi gereken finansal kararlar\u0131&#8230; <\/p>\n<div class=\"trm-el-more\"><a href=\"https:\/\/rafetcaglar.com.tr\/tr\/babadan-ogutler-finansal-bilinc-ve-turkiye-gercekleri\/\" class=\"trm-label trm-label-color\"><span>Devam\u0131<\/span> <i class=\"fas fa-arrow-right\"><\/i><\/a><\/div>\n\t    <\/div>\n\t    \t    <div class=\"trm-divider trm-mb-20 trm-mt-20\"><\/div>\n\t    \t    <ul class=\"trm-card-data trm-label\">\n\t      <li>26 A\u011fustos 2025<\/li>\n\t      <li>Rafet \u00c7A\u011eLAR<\/li>\n\t    <\/ul>\n\t    \t  <\/div>\n\t<\/div>\n<\/div>\n<!-- blog card end -->\n\t\t  <\/div>\n\t\t  <!-- col end -->\n\t\t  \t\t  <!-- col -->\n\t\t  <div class=\"col-12 col-lg-4\">\n\t\t    \n\n<!-- blog card -->\n<div class=\"trm-blog-card trm-scroll-animation\" data-scroll data-scroll-offset=\"40\">\n\t<div id=\"post-1848\" class=\"post-1848 post type-post status-publish format-standard hentry category-sozler\">\n\t  \t\t\n\t\t\n\t  <div class=\"trm-card-descr\">\n\t  \t\t\t\t\t    \t    <h5 class=\"trm-mb-20\"><a href=\"https:\/\/rafetcaglar.com.tr\/tr\/babadan-ogutler-saglik-ve-yasam-tavsiyeleri\/\" class=\"trm-anima-link\">Babadan \u00d6\u011f\u00fctler &#8211; Sa\u011fl\u0131k ve Ya\u015fam Tavsiyeleri<\/a><\/h5>\n\t    \t    <!-- text -->\n\t    <div class=\"trm-el-description\">\n\t    \t<p>Ruh ve beden sa\u011fl\u0131\u011f\u0131 birbirinden ayr\u0131 d\u00fc\u015f\u00fcn\u00fclemez. Bu b\u00f6l\u00fcm, g\u00fcnl\u00fck ya\u015fam al\u0131\u015fkanl\u0131klar\u0131, bireysel geli\u015fim, affetmek, \u015f\u00fckretmek, y\u00fcr\u00fcmek, su i\u00e7mek gibi&#8230; <\/p>\n<div class=\"trm-el-more\"><a href=\"https:\/\/rafetcaglar.com.tr\/tr\/babadan-ogutler-saglik-ve-yasam-tavsiyeleri\/\" class=\"trm-label trm-label-color\"><span>Devam\u0131<\/span> <i class=\"fas fa-arrow-right\"><\/i><\/a><\/div>\n\t    <\/div>\n\t    \t    <div class=\"trm-divider trm-mb-20 trm-mt-20\"><\/div>\n\t    \t    <ul class=\"trm-card-data trm-label\">\n\t      <li>22 A\u011fustos 2025<\/li>\n\t      <li>Rafet \u00c7A\u011eLAR<\/li>\n\t    <\/ul>\n\t    \t  <\/div>\n\t<\/div>\n<\/div>\n<!-- blog card end -->\n\t\t  <\/div>\n\t\t  <!-- col end -->\n\t\t  \t\t  <!-- col -->\n\t\t  <div class=\"col-12 col-lg-4\">\n\t\t    \n\n<!-- blog card -->\n<div class=\"trm-blog-card trm-scroll-animation\" data-scroll data-scroll-offset=\"40\">\n\t<div id=\"post-1846\" class=\"post-1846 post type-post status-publish format-standard hentry category-sozler\">\n\t  \t\t\n\t\t\n\t  <div class=\"trm-card-descr\">\n\t  \t\t\t\t\t    \t    <h5 class=\"trm-mb-20\"><a href=\"https:\/\/rafetcaglar.com.tr\/tr\/babadan-ogutler-degerler-ve-iliskiler\/\" class=\"trm-anima-link\">Babadan \u00d6\u011f\u00fctler &#8211; De\u011ferler ve \u0130li\u015fkiler<\/a><\/h5>\n\t    \t    <!-- text -->\n\t    <div class=\"trm-el-description\">\n\t    \t<p>Hayat\u0131n en karma\u015f\u0131k ama en temel y\u00f6n\u00fc olan insan ili\u015fkileri, ki\u015fisel duru\u015fun ve s\u0131n\u0131rlar\u0131n aynas\u0131d\u0131r. Bu b\u00f6l\u00fcmde, dostluk, sevgi, g\u00fcven,&#8230; <\/p>\n<div class=\"trm-el-more\"><a href=\"https:\/\/rafetcaglar.com.tr\/tr\/babadan-ogutler-degerler-ve-iliskiler\/\" class=\"trm-label trm-label-color\"><span>Devam\u0131<\/span> <i class=\"fas fa-arrow-right\"><\/i><\/a><\/div>\n\t    <\/div>\n\t    \t    <div class=\"trm-divider trm-mb-20 trm-mt-20\"><\/div>\n\t    \t    <ul class=\"trm-card-data trm-label\">\n\t      <li>19 A\u011fustos 2025<\/li>\n\t      <li>Rafet \u00c7A\u011eLAR<\/li>\n\t    <\/ul>\n\t    \t  <\/div>\n\t<\/div>\n<\/div>\n<!-- blog card end -->\n\t\t  <\/div>\n\t\t  <!-- col end -->\n\t\t  \t\t  \n\t\t  \t\t  \t\t  <div class=\"col-lg-12\">\n\t\t  \t  <div class=\"trm-divider trm-mb-40\"><\/div>\n\t\t\t  <!-- pagination -->\n\t\t\t  <div class=\"trm-pagination\">\n\t\t\t      \t<span aria-current=\"page\" class=\"page-numbers current\">1<\/span>\n<a class=\"page-numbers\" href=\"https:\/\/rafetcaglar.com.tr\/tr\/wp-json\/wp\/v2\/pages\/1562\/page\/2\/\">2<\/a>\n<a class=\"page-numbers\" href=\"https:\/\/rafetcaglar.com.tr\/tr\/wp-json\/wp\/v2\/pages\/1562\/page\/3\/\">3<\/a>\n<span class=\"page-numbers dots\">&hellip;<\/span>\n<a class=\"page-numbers\" href=\"https:\/\/rafetcaglar.com.tr\/tr\/wp-json\/wp\/v2\/pages\/1562\/page\/8\/\">8<\/a>\n<a class=\"next page-numbers\" href=\"https:\/\/rafetcaglar.com.tr\/tr\/wp-json\/wp\/v2\/pages\/1562\/page\/2\/\">Sonraki<\/a>\t\t\t  <\/div>\n\t\t  <\/div>\n\t\t  <!-- pagination end -->\n\t\t  \n\t\t                    <\/div>\n        <!-- blog end -->\n\n\t\t\t\t\t\t<\/div>\n\t\t\t\t<\/div>\n\t\t\t\t\t<\/div>\n\t\t<\/div>\n\t\t\t\t\t<\/div>\n\t\t<\/section>\n\t\t\t\t<\/div>\n\t\t","protected":false},"excerpt":{"rendered":"<p>S\u00f6zler&#8230; Baz\u0131 s\u00f6zler, kelimelerden daha fazlas\u0131d\u0131r.Bir \u00f6m\u00fcrl\u00fck tecr\u00fcbeyi, bir anl\u0131k hissi, bir sessizli\u011fi anlat\u0131r.Bazen bir \u00f6\u011f\u00fct olur, bazen bir teselli,&#8230; <\/p>\n<div class=\"trm-el-more\"><a href=\"https:\/\/rafetcaglar.com.tr\/tr\/babadan-ogutler-degerler-ve-iliskiler\/\" class=\"trm-label trm-label-color\"><span>Devam\u0131<\/span> <i class=\"fas fa-arrow-right\"><\/i><\/a><\/div>\n","protected":false},"author":1,"featured_media":0,"parent":0,"menu_order":0,"comment_status":"closed","ping_status":"closed","template":"template-layout-builder.php","meta":{"_acf_changed":false,"footnotes":""},"class_list":["post-1562","page","type-page","status-publish","hentry"],"acf":[],"_links":{"self":[{"href":"https:\/\/rafetcaglar.com.tr\/tr\/wp-json\/wp\/v2\/pages\/1562","targetHints":{"allow":["GET"]}}],"collection":[{"href":"https:\/\/rafetcaglar.com.tr\/tr\/wp-json\/wp\/v2\/pages"}],"about":[{"href":"https:\/\/rafetcaglar.com.tr\/tr\/wp-json\/wp\/v2\/types\/page"}],"author":[{"embeddable":true,"href":"https:\/\/rafetcaglar.com.tr\/tr\/wp-json\/wp\/v2\/users\/1"}],"replies":[{"embeddable":true,"href":"https:\/\/rafetcaglar.com.tr\/tr\/wp-json\/wp\/v2\/comments?post=1562"}],"version-history":[{"count":15,"href":"https:\/\/rafetcaglar.com.tr\/tr\/wp-json\/wp\/v2\/pages\/1562\/revisions"}],"predecessor-version":[{"id":1749,"href":"https:\/\/rafetcaglar.com.tr\/tr\/wp-json\/wp\/v2\/pages\/1562\/revisions\/1749"}],"wp:attachment":[{"href":"https:\/\/rafetcaglar.com.tr\/tr\/wp-json\/wp\/v2\/media?parent=1562"}],"curies":[{"name":"wp","href":"https:\/\/api.w.org\/{rel}","templated":true}]}}