{"id":1030,"date":"2025-04-12T18:27:37","date_gmt":"2025-04-12T15:27:37","guid":{"rendered":"https:\/\/rafetcaglar.com.tr\/tr\/?page_id=1030"},"modified":"2025-07-16T21:23:38","modified_gmt":"2025-07-16T18:23:38","slug":"hakkimda","status":"publish","type":"page","link":"https:\/\/rafetcaglar.com.tr\/tr\/hakkimda\/","title":{"rendered":"Hakk\u0131mda"},"content":{"rendered":"\t\t<div data-elementor-type=\"wp-page\" data-elementor-id=\"1030\" class=\"elementor elementor-1030\">\n\t\t\t\t\t\t<section class=\"elementor-section elementor-top-section elementor-element elementor-element-409d73f elementor-section-full_width elementor-section-height-default elementor-section-height-default\" data-id=\"409d73f\" data-element_type=\"section\" data-e-type=\"section\">\n\t\t\t\t\t\t<div class=\"elementor-container elementor-column-gap-no\">\n\t\t\t\t\t<div class=\"elementor-column elementor-col-100 elementor-top-column elementor-element elementor-element-a6352f3\" data-id=\"a6352f3\" data-element_type=\"column\" data-e-type=\"column\">\n\t\t\t<div class=\"elementor-widget-wrap elementor-element-populated\">\n\t\t\t\t\t\t<div class=\"elementor-element elementor-element-d5887e8 elementor-widget elementor-widget-text-editor\" data-id=\"d5887e8\" data-element_type=\"widget\" data-e-type=\"widget\" data-widget_type=\"text-editor.default\">\n\t\t\t\t<div class=\"elementor-widget-container\">\n\t\t\t\t\t\t\t\t\tBu sayfa, kendini anlatmak isteyen biri taraf\u0131ndan de\u011fil, kendini anlamaya \u00e7al\u0131\u015fan biri taraf\u0131ndan yaz\u0131ld\u0131.\n<br><br>\nAd\u0131m Rafet \u00c7a\u011flar. Hayat\u0131 g\u00f6zlemleyerek, sorarak ve yazarak anlamaya \u00e7al\u0131\u015fan bir yolcuyum. Meslek tan\u0131mlar\u0131n\u0131n \u00f6tesinde, \u201cfayda\u201d kelimesini merkezine alan bir bak\u0131\u015f a\u00e7\u0131s\u0131yla ya\u015f\u0131yorum. Ne kadar az \u015fey s\u00f6yledi\u011fimde, ne kadar \u00e7ok \u015fey anla\u015f\u0131l\u0131rsa; o kadar yerini buldu\u011funa inan\u0131r\u0131m.\n<br><br>\nYazmak, benim i\u00e7in sadece kelimeleri yan yana dizmek de\u011fil; d\u00fc\u015f\u00fcncenin, duygunun ve vicdan\u0131n birlikte hareket etti\u011fi bir eylem. \u00c7ocuklara hik\u00e2yeler anlat\u0131rken de, topluma dair fikirler \u00fcretirken de tek bir gayem oldu: Geriye anlaml\u0131 bir iz b\u0131rakmak.\n<br><br>\nBug\u00fcne dek bir\u00e7ok ki\u015fiyle tan\u0131\u015ft\u0131m. Kimisi kal\u0131c\u0131 oldu, kimisi sessizce ge\u00e7ti. Kimileriyle y\u00fcr\u00fcd\u00fcm, kimilerinden usulca uzakla\u015ft\u0131m. Ama herkesin bana bir \u015fey \u00f6\u011fretti\u011fine inan\u0131r\u0131m. \u00c7\u00fcnk\u00fc insan, kar\u015f\u0131la\u015ft\u0131\u011f\u0131 herkesle biraz daha kendini ke\u015ffeder.\n<br><br>\nBu sayfada bulacaklar\u0131n\u0131z ne bir ba\u015far\u0131 hik\u00e2yesi, ne de bir unvanlar listesi.\nYaln\u0131zca yaz\u0131ya s\u0131\u011f\u0131nm\u0131\u015f bir hayat\u0131n k\u00fc\u00e7\u00fck yans\u0131malar\u0131.\nBelki bir kelimede durur, belki bir c\u00fcmlede devam edersiniz.<br>\n<br><br>\nBen buraday\u0131m. Yazmaya, d\u00fc\u015f\u00fcnmeye ve payla\u015fmaya devam ediyorum.<br><br>\t\t\t\t\t\t\t\t<\/div>\n\t\t\t\t<\/div>\n\t\t\t\t<div class=\"elementor-element elementor-element-4e595f7 elementor-widget elementor-widget-heading\" data-id=\"4e595f7\" data-element_type=\"widget\" data-e-type=\"widget\" data-widget_type=\"heading.default\">\n\t\t\t\t<div class=\"elementor-widget-container\">\n\t\t\t\t\t<h2 class=\"elementor-heading-title elementor-size-default\">Di\u011fer Payla\u015f\u0131mlar\u0131m<\/h2>\t\t\t\t<\/div>\n\t\t\t\t<\/div>\n\t\t\t\t<div class=\"elementor-element elementor-element-aafbea3 elementor-widget elementor-widget-text-editor\" data-id=\"aafbea3\" data-element_type=\"widget\" data-e-type=\"widget\" data-widget_type=\"text-editor.default\">\n\t\t\t\t<div class=\"elementor-widget-container\">\n\t\t\t\t\t\t\t\t\t<p>Yazmak ve d\u00fc\u015f\u00fcnmek, benim i\u00e7in sadece ki\u015fisel bir u\u011fra\u015f de\u011fil; ayn\u0131 zamanda payla\u015fman\u0131n, fayda \u00fcretmenin bir yolu. Bu nedenle, farkl\u0131 alanlarda i\u00e7erikler sundu\u011fum birka\u00e7 platform daha olu\u015fturdum. Her biri, belirli bir amaca hizmet eden ve reklam i\u00e7ermeyen, sade ve anla\u015f\u0131l\u0131r yap\u0131s\u0131yla bilgiye ula\u015fmay\u0131 kolayla\u015ft\u0131ran sitelerdir:<br \/><br \/><br \/><a href=\"https:\/\/insanca.org.tr\" target=\"_blank\" rel=\"noopener\"><strong>insanca.org.tr<\/strong><\/a><br \/>\u0130nsanca, insan\u0131n varolu\u015funu, toplumsal ili\u015fkilerini ve etik de\u011ferlerini sorgulayan yaz\u0131lara yer veren bir platformdur. Felsefi d\u00fc\u015f\u00fcnceler, ki\u015fisel geli\u015fim yaz\u0131lar\u0131 ve toplumsal analizlerle, okuyuculara derinlemesine bir bak\u0131\u015f sunmay\u0131 ama\u00e7lar.<br \/><br \/><br \/><a href=\"https:\/\/bilgebaba.com\" target=\"_blank\" rel=\"noopener\"><strong>bilgebaba.com<\/strong><\/a><br \/>Bilge Baba, \u00e7ocuklar\u0131n ve gen\u00e7lerin merak\u0131n\u0131 besleyen, e\u011flenceli ve \u00f6\u011fretici i\u00e7eriklerle dolu bir sitedir. Masallar, bilimsel yaz\u0131lar, do\u011fa ve \u00e7evre konular\u0131 gibi \u00e7e\u015fitli kategorilerde i\u00e7erikler sunarak, \u00f6\u011frenmeyi keyifli hale getirmeyi hedefler.<br \/><br \/><br \/><a href=\"https:\/\/bymantik.com\" target=\"_blank\" rel=\"noopener\"><strong>bymantik.com<\/strong><\/a><br \/>By Mant\u0131k, mant\u0131k, felsefe ve teknoloji konular\u0131nda derinlemesine analizler sunan bir platformdur. Veri bilimi, analitik d\u00fc\u015f\u00fcnme ve felsefi yakla\u015f\u0131mlarla, okuyuculara d\u00fc\u015f\u00fcnsel bir yolculuk vadeder.<br \/><br \/><strong data-start=\"124\" data-end=\"146\">odak.digime.com.tr<\/strong><br data-start=\"146\" data-end=\"149\" \/>Yorum Saati, <a href=\"https:\/\/www.youtube.com\/@digime-tr\" target=\"_blank\" rel=\"noopener\">@DigiMe-TR<\/a> YouTube kanal\u0131nda yay\u0131nlanan sesli yorum ve analiz serisidir. Kitaplar, romanlar, portreler, akademik yaz\u0131lar, seyahat anlat\u0131lar\u0131, inan\u00e7 temalar\u0131 ve \u00f6zg\u00fcn tart\u0131\u015fmalar gibi geni\u015f bir yelpazede i\u00e7erikler sunar. \u201cKitap Yorum Saati\u201d, \u201cRoman Yorum Saati\u201d, \u201cBilgiye Yolculuk\u201d, \u201cBeyin F\u0131rt\u0131nas\u0131\u201d, \u201cGezginden\u201d ve di\u011fer ba\u015fl\u0131klar alt\u0131nda toplanan her b\u00f6l\u00fcm, \u00f6zg\u00fcn yorumlarla bilgiye ula\u015fmay\u0131 kolayla\u015ft\u0131r\u0131r. odak.digime.com.tr adresi \u00fczerinden bu b\u00f6l\u00fcmler a\u00e7\u0131klamal\u0131 ve reklams\u0131z \u015fekilde takip edilebilir. Ama\u00e7, dikkat da\u011f\u0131tmayan sade bir ortamda kaliteli d\u00fc\u015f\u00fcnsel i\u00e7erik sunmakt\u0131r.<\/p><p><br \/>Bu sitelerdeki t\u00fcm i\u00e7erikler, bilgiye kolay eri\u015fim sa\u011flamak amac\u0131yla reklams\u0131z olarak sunulmaktad\u0131r. Amac\u0131m, okuyucular\u0131n dikkatini da\u011f\u0131tmadan, sade bir ortamda bilgiye ula\u015fmalar\u0131n\u0131 sa\u011flamakt\u0131r.<br \/><br \/><br \/><\/p>\t\t\t\t\t\t\t\t<\/div>\n\t\t\t\t<\/div>\n\t\t\t\t\t<\/div>\n\t\t<\/div>\n\t\t\t\t\t<\/div>\n\t\t<\/section>\n\t\t\t\t<\/div>\n\t\t","protected":false},"excerpt":{"rendered":"<p>Bu sayfa, kendini anlatmak isteyen biri taraf\u0131ndan de\u011fil, kendini anlamaya \u00e7al\u0131\u015fan biri taraf\u0131ndan yaz\u0131ld\u0131. Ad\u0131m Rafet \u00c7a\u011flar. Hayat\u0131 g\u00f6zlemleyerek, sorarak&#8230; <\/p>\n<div class=\"trm-el-more\"><a href=\"https:\/\/rafetcaglar.com.tr\/tr\/hakkimda\/\" class=\"trm-label trm-label-color\"><span>Devam\u0131<\/span> <i class=\"fas fa-arrow-right\"><\/i><\/a><\/div>\n","protected":false},"author":1,"featured_media":0,"parent":0,"menu_order":0,"comment_status":"closed","ping_status":"closed","template":"template-layout-builder.php","meta":{"_acf_changed":false,"footnotes":""},"class_list":["post-1030","page","type-page","status-publish","hentry"],"acf":[],"_links":{"self":[{"href":"https:\/\/rafetcaglar.com.tr\/tr\/wp-json\/wp\/v2\/pages\/1030","targetHints":{"allow":["GET"]}}],"collection":[{"href":"https:\/\/rafetcaglar.com.tr\/tr\/wp-json\/wp\/v2\/pages"}],"about":[{"href":"https:\/\/rafetcaglar.com.tr\/tr\/wp-json\/wp\/v2\/types\/page"}],"author":[{"embeddable":true,"href":"https:\/\/rafetcaglar.com.tr\/tr\/wp-json\/wp\/v2\/users\/1"}],"replies":[{"embeddable":true,"href":"https:\/\/rafetcaglar.com.tr\/tr\/wp-json\/wp\/v2\/comments?post=1030"}],"version-history":[{"count":21,"href":"https:\/\/rafetcaglar.com.tr\/tr\/wp-json\/wp\/v2\/pages\/1030\/revisions"}],"predecessor-version":[{"id":1743,"href":"https:\/\/rafetcaglar.com.tr\/tr\/wp-json\/wp\/v2\/pages\/1030\/revisions\/1743"}],"wp:attachment":[{"href":"https:\/\/rafetcaglar.com.tr\/tr\/wp-json\/wp\/v2\/media?parent=1030"}],"curies":[{"name":"wp","href":"https:\/\/api.w.org\/{rel}","templated":true}]}}